{"id":32750,"date":"2023-02-28T13:21:20","date_gmt":"2023-02-28T12:21:20","guid":{"rendered":"https:\/\/www.thenomadmasseur.com\/?post_type=product&#038;p=32750"},"modified":"2023-03-02T00:48:14","modified_gmt":"2023-03-01T23:48:14","slug":"soins-du-visage-sur-mesure-60m","status":"publish","type":"product","link":"https:\/\/www.thenomadmasseur.com\/en\/product\/soins-du-visage-sur-mesure-60m\/","title":{"rendered":"Soins du visage sur mesure | 60m"},"content":{"rendered":"","protected":false},"excerpt":{"rendered":"<p class=\"p1\">Ce soin est adapt\u00e9 en fonction de votre type de peau (peau sensible, s\u00e8che, grasse ou mixte). Il permet de r\u00e9active la circulation et redonner au teint son \u00e9clat naturel.<\/p>\n<div class=\"woocommerce-product-details__short-description\">\n<p class=\"p1\">D\u00e9maquillage | Gommage | Purification de la peau \u00e0 la vapeur | Masque du visage | Application cr\u00e8me de jour<\/p>\n<\/div>\n<p class=\"stock out-of-stock\">","protected":false},"featured_media":32859,"template":"","meta":{"_exactmetrics_skip_tracking":false,"_exactmetrics_sitenote_active":false,"_exactmetrics_sitenote_note":"","_exactmetrics_sitenote_category":0},"product_cat":[46,51],"product_tag":[56],"class_list":{"0":"post-32750","1":"product","2":"type-product","3":"status-publish","4":"has-post-thumbnail","6":"product_cat-soins-du-visage","7":"product_cat-all","8":"product_tag-soins-du-visage","10":"first","11":"outofstock","12":"virtual","13":"purchasable","14":"product-type-simple"},"_links":{"self":[{"href":"https:\/\/www.thenomadmasseur.com\/en\/wp-json\/wp\/v2\/product\/32750","targetHints":{"allow":["GET"]}}],"collection":[{"href":"https:\/\/www.thenomadmasseur.com\/en\/wp-json\/wp\/v2\/product"}],"about":[{"href":"https:\/\/www.thenomadmasseur.com\/en\/wp-json\/wp\/v2\/types\/product"}],"wp:featuredmedia":[{"embeddable":true,"href":"https:\/\/www.thenomadmasseur.com\/en\/wp-json\/wp\/v2\/media\/32859"}],"wp:attachment":[{"href":"https:\/\/www.thenomadmasseur.com\/en\/wp-json\/wp\/v2\/media?parent=32750"}],"wp:term":[{"taxonomy":"product_cat","embeddable":true,"href":"https:\/\/www.thenomadmasseur.com\/en\/wp-json\/wp\/v2\/product_cat?post=32750"},{"taxonomy":"product_tag","embeddable":true,"href":"https:\/\/www.thenomadmasseur.com\/en\/wp-json\/wp\/v2\/product_tag?post=32750"}],"curies":[{"name":"wp","href":"https:\/\/api.w.org\/{rel}","templated":true}]}}