{"id":32742,"date":"2023-02-28T12:57:27","date_gmt":"2023-02-28T11:57:27","guid":{"rendered":"https:\/\/www.thenomadmasseur.com\/?post_type=product&#038;p=32742"},"modified":"2023-03-01T21:17:49","modified_gmt":"2023-03-01T20:17:49","slug":"soin-du-visage-anti-age-kobido-120m","status":"publish","type":"product","link":"https:\/\/www.thenomadmasseur.com\/en\/product\/soin-du-visage-anti-age-kobido-120m\/","title":{"rendered":"Soin du visage anti-\u00e2ge + KoBiDo | 120m"},"content":{"rendered":"","protected":false},"excerpt":{"rendered":"<p class=\"p1\">Permet de cibler les signes de l\u2019\u00e2ge, sublimer la peau et pr\u00e9server votre jeunesse. Soin complet suivit d\u2019un massage du visage KoBiDo<\/p>\n<div class=\"product-list-info\">\n<div class=\"woocommerce-product-details__short-description\">\n<div class=\"woocommerce-product-details__short-description\">\n<p class=\"p1\">D\u00e9maquillage | Gommage | Purification de la peau \u00e0 la vapeur | Masque | Massage du visage Kobido | Application cr\u00e8me de jour<\/p>\n<\/div>\n<p class=\"stock out-of-stock\">\n<\/div>\n<\/div>\n<div class=\"product-list-buttons\"><\/div>","protected":false},"featured_media":32829,"template":"","meta":{"_exactmetrics_skip_tracking":false,"_exactmetrics_sitenote_active":false,"_exactmetrics_sitenote_note":"","_exactmetrics_sitenote_category":0},"product_cat":[46,51],"product_tag":[56],"class_list":{"0":"post-32742","1":"product","2":"type-product","3":"status-publish","4":"has-post-thumbnail","6":"product_cat-soins-du-visage","7":"product_cat-all","8":"product_tag-soins-du-visage","10":"first","11":"outofstock","12":"virtual","13":"purchasable","14":"product-type-simple"},"_links":{"self":[{"href":"https:\/\/www.thenomadmasseur.com\/en\/wp-json\/wp\/v2\/product\/32742","targetHints":{"allow":["GET"]}}],"collection":[{"href":"https:\/\/www.thenomadmasseur.com\/en\/wp-json\/wp\/v2\/product"}],"about":[{"href":"https:\/\/www.thenomadmasseur.com\/en\/wp-json\/wp\/v2\/types\/product"}],"wp:featuredmedia":[{"embeddable":true,"href":"https:\/\/www.thenomadmasseur.com\/en\/wp-json\/wp\/v2\/media\/32829"}],"wp:attachment":[{"href":"https:\/\/www.thenomadmasseur.com\/en\/wp-json\/wp\/v2\/media?parent=32742"}],"wp:term":[{"taxonomy":"product_cat","embeddable":true,"href":"https:\/\/www.thenomadmasseur.com\/en\/wp-json\/wp\/v2\/product_cat?post=32742"},{"taxonomy":"product_tag","embeddable":true,"href":"https:\/\/www.thenomadmasseur.com\/en\/wp-json\/wp\/v2\/product_tag?post=32742"}],"curies":[{"name":"wp","href":"https:\/\/api.w.org\/{rel}","templated":true}]}}