{"id":32724,"date":"2023-02-27T17:07:28","date_gmt":"2023-02-27T16:07:28","guid":{"rendered":"https:\/\/www.thenomadmasseur.com\/?post_type=product&#038;p=32724"},"modified":"2023-03-01T21:16:01","modified_gmt":"2023-03-01T20:16:01","slug":"massage-du-visage-kobido-60m","status":"publish","type":"product","link":"https:\/\/www.thenomadmasseur.com\/en\/product\/massage-du-visage-kobido-60m\/","title":{"rendered":"Massage du visage KoBiDo | 60m"},"content":{"rendered":"","protected":false},"excerpt":{"rendered":"<p class=\"p1\">Simple\u00a0<strong>massage du visage<\/strong>\u00a0en apparence, ce lifting naturel japonais est un soin holistique aux vertus esth\u00e9tiques et relaxantes est un m\u00e9lange harmonieux d\u2019effleurages, p\u00e9trissages, percussions et pressions douces au rythme lent et r\u00e9gulier. Ce\u00a0<strong>massage du visage<\/strong>\u00a0est plus qu\u2019un soin de beaut\u00e9 par son importance historique. Ceux qui l\u2019ont utilis\u00e9 ont pu constater des r\u00e9sultats tr\u00e8s impressionnants. Laissez-vous conduire sur le chemin de la beaut\u00e9 antique\u2026<\/p>","protected":false},"featured_media":32832,"template":"","meta":{"_exactmetrics_skip_tracking":false,"_exactmetrics_sitenote_active":false,"_exactmetrics_sitenote_note":"","_exactmetrics_sitenote_category":0},"product_cat":[46,51],"product_tag":[57],"class_list":{"0":"post-32724","1":"product","2":"type-product","3":"status-publish","4":"has-post-thumbnail","6":"product_cat-soins-du-visage","7":"product_cat-all","8":"product_tag-kobido","10":"first","11":"outofstock","12":"virtual","13":"purchasable","14":"product-type-simple"},"_links":{"self":[{"href":"https:\/\/www.thenomadmasseur.com\/en\/wp-json\/wp\/v2\/product\/32724","targetHints":{"allow":["GET"]}}],"collection":[{"href":"https:\/\/www.thenomadmasseur.com\/en\/wp-json\/wp\/v2\/product"}],"about":[{"href":"https:\/\/www.thenomadmasseur.com\/en\/wp-json\/wp\/v2\/types\/product"}],"wp:featuredmedia":[{"embeddable":true,"href":"https:\/\/www.thenomadmasseur.com\/en\/wp-json\/wp\/v2\/media\/32832"}],"wp:attachment":[{"href":"https:\/\/www.thenomadmasseur.com\/en\/wp-json\/wp\/v2\/media?parent=32724"}],"wp:term":[{"taxonomy":"product_cat","embeddable":true,"href":"https:\/\/www.thenomadmasseur.com\/en\/wp-json\/wp\/v2\/product_cat?post=32724"},{"taxonomy":"product_tag","embeddable":true,"href":"https:\/\/www.thenomadmasseur.com\/en\/wp-json\/wp\/v2\/product_tag?post=32724"}],"curies":[{"name":"wp","href":"https:\/\/api.w.org\/{rel}","templated":true}]}}