{"id":32691,"date":"2023-02-26T23:49:17","date_gmt":"2023-02-26T22:49:17","guid":{"rendered":"https:\/\/www.thenomadmasseur.com\/?post_type=product&#038;p=32691"},"modified":"2023-03-01T21:14:02","modified_gmt":"2023-03-01T20:14:02","slug":"massage-aux-coquillages-chauds-60m","status":"publish","type":"product","link":"https:\/\/www.thenomadmasseur.com\/en\/product\/massage-aux-coquillages-chauds-60m\/","title":{"rendered":"Massage aux coquillages chauds | 60m"},"content":{"rendered":"","protected":false},"excerpt":{"rendered":"<p>D\u00e9licieuse parenth\u00e8se de bien-\u00eatre, le\u00a0<strong>massage aux coquillages chauds<\/strong>\u00a0est un appel \u00e0 l\u2019\u00e9vasion, au large des tropiques, avec ses paysages fabuleux et paradisiaques. Le\u00a0<strong>massage aux coquillages<\/strong>\u00a0<strong>chauds<\/strong>\u00a0permet instantan\u00e9ment de vous plonger dans un cocon de chaleur. Il dissout les tensions musculaires, apaise le syst\u00e8me nerveux, favorise une meilleure circulation sanguine &amp; lymphatique. Il \u00e9quilibre le \u00e9galement corps et l\u2019esprit.<\/p>","protected":false},"featured_media":32824,"template":"","meta":{"_exactmetrics_skip_tracking":false,"_exactmetrics_sitenote_active":false,"_exactmetrics_sitenote_note":"","_exactmetrics_sitenote_category":0},"product_cat":[30,51],"product_tag":[55],"class_list":{"0":"post-32691","1":"product","2":"type-product","3":"status-publish","4":"has-post-thumbnail","6":"product_cat-massage","7":"product_cat-all","8":"product_tag-massage-aux-coquillages-chauds","10":"first","11":"outofstock","12":"virtual","13":"purchasable","14":"product-type-simple"},"_links":{"self":[{"href":"https:\/\/www.thenomadmasseur.com\/en\/wp-json\/wp\/v2\/product\/32691","targetHints":{"allow":["GET"]}}],"collection":[{"href":"https:\/\/www.thenomadmasseur.com\/en\/wp-json\/wp\/v2\/product"}],"about":[{"href":"https:\/\/www.thenomadmasseur.com\/en\/wp-json\/wp\/v2\/types\/product"}],"wp:featuredmedia":[{"embeddable":true,"href":"https:\/\/www.thenomadmasseur.com\/en\/wp-json\/wp\/v2\/media\/32824"}],"wp:attachment":[{"href":"https:\/\/www.thenomadmasseur.com\/en\/wp-json\/wp\/v2\/media?parent=32691"}],"wp:term":[{"taxonomy":"product_cat","embeddable":true,"href":"https:\/\/www.thenomadmasseur.com\/en\/wp-json\/wp\/v2\/product_cat?post=32691"},{"taxonomy":"product_tag","embeddable":true,"href":"https:\/\/www.thenomadmasseur.com\/en\/wp-json\/wp\/v2\/product_tag?post=32691"}],"curies":[{"name":"wp","href":"https:\/\/api.w.org\/{rel}","templated":true}]}}