{"id":32301,"date":"2023-02-24T18:09:00","date_gmt":"2023-02-24T17:09:00","guid":{"rendered":"http:\/\/www.thenomadmasseur.com\/?page_id=32301"},"modified":"2023-03-01T21:27:45","modified_gmt":"2023-03-01T20:27:45","slug":"massage-aux-pierres-chaudes","status":"publish","type":"page","link":"https:\/\/www.thenomadmasseur.com\/en\/home\/carte-des-soins\/les-massages\/massage-aux-pierres-chaudes\/","title":{"rendered":"Hot Stone Massage"},"content":{"rendered":"<section class=\"wpb-content-wrapper\"><div class=\"vc_row wpb_row vc_row-fluid\"><div class=\"wpb_column vc_column_container vc_col-sm-12\"><div class=\"vc_column-inner\"><div class=\"wpb_wrapper\"><div class=\"title-wrapper  basel-title-color-default basel-title-style-bordered basel-title-size-default text-center\"><div class=\"liner-continer\"> <span class=\"left-line\"><\/span> <h4 class=\"title\" >MASSAGE AUX PIERRES CHAUDES<span class=\"title-separator\"><span><\/span><\/span><\/h4> <span class=\"right-line\"><\/span> <\/div><\/div><div class=\"vc_separator wpb_content_element vc_separator_align_center vc_sep_width_100 vc_sep_pos_align_center vc_separator_no_text vc_sep_color_white\" ><span class=\"vc_sep_holder vc_sep_holder_l\"><span class=\"vc_sep_line\"><\/span><\/span><span class=\"vc_sep_holder vc_sep_holder_r\"><span class=\"vc_sep_line\"><\/span><\/span>\n<\/div><\/div><\/div><\/div><\/div><div class=\"vc_row wpb_row vc_row-fluid\"><div class=\"wpb_column vc_column_container vc_col-sm-12\"><div class=\"vc_column-inner\"><div class=\"wpb_wrapper\"><div class=\"vc_tta-container\" data-vc-action=\"collapse\"><div class=\"vc_general vc_tta vc_tta-tabs vc_tta-color-white vc_tta-style-classic vc_tta-shape-rounded vc_tta-spacing-1 vc_tta-o-no-fill vc_tta-tabs-position-top vc_tta-controls-align-center\"><div class=\"vc_tta-tabs-container\"><ul class=\"vc_tta-tabs-list\"><li class=\"vc_tta-tab vc_active\" data-vc-tab><a href=\"#1677258399085-40d96272-4478\" data-vc-tabs data-vc-container=\".vc_tta\"><span class=\"vc_tta-title-text\">WHAT IS IT?<\/span><\/a><\/li><li class=\"vc_tta-tab\" data-vc-tab><a href=\"#1677382289553-251b8f9d-d523\" data-vc-tabs data-vc-container=\".vc_tta\"><span class=\"vc_tta-title-text\">CONTRAINDICATIONS<\/span><\/a><\/li><li class=\"vc_tta-tab\" data-vc-tab><a href=\"#1677258399096-68338169-72f0\" data-vc-tabs data-vc-container=\".vc_tta\"><span class=\"vc_tta-title-text\">PICTURES &amp; VIDEOS<\/span><\/a><\/li><li class=\"vc_tta-tab\" data-vc-tab><a href=\"#1677258458349-ead31ff1-f433\" data-vc-tabs data-vc-container=\".vc_tta\"><span class=\"vc_tta-title-text\">REVIEWS<\/span><\/a><\/li><li class=\"vc_tta-tab\" data-vc-tab><a href=\"#1677258472482-882c185d-be92\" data-vc-tabs data-vc-container=\".vc_tta\"><span class=\"vc_tta-title-text\">BUY GIFT CARDS<\/span><\/a><\/li><\/ul><\/div><div class=\"vc_tta-panels-container\"><div class=\"vc_tta-panels\"><div class=\"vc_tta-panel vc_active\" id=\"1677258399085-40d96272-4478\" data-vc-content=\".vc_tta-panel-body\"><div class=\"vc_tta-panel-heading\"><h4 class=\"vc_tta-panel-title\"><a href=\"#1677258399085-40d96272-4478\" data-vc-accordion data-vc-container=\".vc_tta-container\"><span class=\"vc_tta-title-text\">WHAT IS IT?<\/span><\/a><\/h4><\/div><div class=\"vc_tta-panel-body\"><div class=\"vc_row wpb_row vc_inner vc_row-fluid\"><div class=\"wpb_column vc_column_container vc_col-sm-9\"><div class=\"vc_column-inner\"><div class=\"wpb_wrapper\">\n\t<div class=\"wpb_text_column wpb_content_element\" >\n\t\t<div class=\"wpb_wrapper\">\n\t\t\t<p class=\"p1\" style=\"text-align: justify;\">Le massage aux pierres chaudes est bas\u00e9 sur le contact entre la pierre et la peau. La douceur et la chaleur des pierres qui glissent sur le corps procurent un sentiment d&#8217;apaisement qui n&#8217;a pas d&#8217;\u00e9quivalent dans les autres techniques.<\/p>\n<p class=\"p1\" style=\"text-align: justify;\">Le massage aux pierres chaudes soulage les tensions musculaires et augmente la circulation sanguine. Chaque session de massage aux pierres chaudes procure une profonde relaxation musculaire par le bienfaits des pierres chauff\u00e9es accompagn\u00e9 de mouvements fluides et enveloppants. Le massage aux pierres chaudes est un massage complet du corps qui peut avoir un effet s\u00e9datif, peut soulager la douleur chronique, r\u00e9duire le stress et favoriser une profonde relaxation.<\/p>\n\n\t\t<\/div>\n\t<\/div>\n<\/div><\/div><\/div><div class=\"wpb_column vc_column_container vc_col-sm-3\"><div class=\"vc_column-inner\"><div class=\"wpb_wrapper\">\n\t<div class=\"wpb_text_column wpb_content_element\" >\n\t\t<div class=\"wpb_wrapper\">\n\t\t\t<p><img loading=\"lazy\" decoding=\"async\" class=\"aligncenter wp-image-32821\" src=\"https:\/\/www.thenomadmasseur.com\/wp-content\/uploads\/2023\/03\/Massage-aux-Pierres-Chaudes-300x300.png\" alt=\"\" width=\"200\" height=\"200\" srcset=\"https:\/\/www.thenomadmasseur.com\/wp-content\/uploads\/2023\/03\/Massage-aux-Pierres-Chaudes-300x300.png 300w, https:\/\/www.thenomadmasseur.com\/wp-content\/uploads\/2023\/03\/Massage-aux-Pierres-Chaudes-150x150.png 150w, https:\/\/www.thenomadmasseur.com\/wp-content\/uploads\/2023\/03\/Massage-aux-Pierres-Chaudes.png 600w, https:\/\/www.thenomadmasseur.com\/wp-content\/uploads\/2023\/03\/Massage-aux-Pierres-Chaudes-100x100.png 100w\" sizes=\"auto, (max-width: 200px) 100vw, 200px\" \/><\/p>\n\n\t\t<\/div>\n\t<\/div>\n<\/div><\/div><\/div><\/div>\n\t<div class=\"wpb_text_column wpb_content_element\" >\n\t\t<div class=\"wpb_wrapper\">\n\t\t\t<h5 class=\"p1\" style=\"text-align: justify;\">LES BIENFAITS DE LA CHALEUR<\/h5>\n<p class=\"p1\" style=\"text-align: justify;\">La chaleur est b\u00e9n\u00e9fique, car, en dilatant les vaisseaux sanguins, elle favorise la circulation sanguine, donc le transport de l&#8217;oxyg\u00e8ne et des substances nutritives dans les cellules musculaires. De m\u00eame, les toxines naturellement produites par les muscles sont plus facilement \u00e9vacu\u00e9es. Mais surtout, \u00ab la chaleur d\u00e9contracte les muscles et procure un mieux-\u00eatre \u00bb. Comme les douleurs musculaires sont g\u00e9n\u00e9ralement dues au stress et au travail statique et r\u00e9p\u00e9titif, elles s&#8217;en trouvent soulag\u00e9es. Ensuite, cette sensation est amplifi\u00e9e par les man\u0153uvres de massage.<\/p>\n\n\t\t<\/div>\n\t<\/div>\n<\/div><\/div><div class=\"vc_tta-panel\" id=\"1677382289553-251b8f9d-d523\" data-vc-content=\".vc_tta-panel-body\"><div class=\"vc_tta-panel-heading\"><h4 class=\"vc_tta-panel-title\"><a href=\"#1677382289553-251b8f9d-d523\" data-vc-accordion data-vc-container=\".vc_tta-container\"><span class=\"vc_tta-title-text\">CONTRAINDICATIONS<\/span><\/a><\/h4><\/div><div class=\"vc_tta-panel-body\">\n\t<div class=\"wpb_text_column wpb_content_element\" >\n\t\t<div class=\"wpb_wrapper\">\n\t\t\t<p class=\"p1\">Souvent, on associe aux massages leurs multiples vertus \u2013 am\u00e9lioration du bien-\u00eatre, de la sant\u00e9, diminution des tensions et du stress, etc. \u2013 mais le massage n\u2019en reste pas moins anodin, il est primordial de conna\u00eetre ses contre-indications, qui peuvent avoir des effets contraires, voire n\u00e9fastes car il implique une gestuelle pr\u00e9cise, physiologiquement le massage travaille sur la peau, les muscle et la circulation sanguine et lymphatique.<\/p>\n<h5 class=\"p3\"><b>Qu\u2019est-ce qu\u2019une contre-indication?<\/b><\/h5>\n<p class=\"p4\">Une contre indication est une condition de sant\u00e9, une pathologie ou un malaise pr\u00e9sent chez un individu et pour lequel il n\u2019est pas recommand\u00e9 de recevoir un massage.\u00a0 Dans certains cas, le massage sera \u00e0 \u00e9viter compl\u00e8tement (contre-indication totale ou absolue) alors que pour d\u2019autres cas, on \u00e9vitera de masser certaines r\u00e9gions du corps en lien avec le malaise ou la condition de sant\u00e9 particuli\u00e8re, ou, tout simplement, on s\u2019adaptera \u00e0 la condition (contre-indication locale ou relative) du receveur.<\/p>\n<h5 class=\"p5\"><b>CONTRE-INDICATIONS ABSOLUES:<\/b><span class=\"s1\"><b>\u00a0<\/b><\/span><\/h5>\n<p class=\"p6\">Le massage est absolument contre-indiqu\u00e9 en cas de\/d\u2019:<\/p>\n<ul>\n<li class=\"p7\"><b>H\u00e9mophilie:<\/b>\u00a0Les gens h\u00e9mophiles, ne poss\u00e8dent pas ou peu de plaquettes qui permettent la coagulation du sang lors de blessure. Puisque le massage peut, \u00e0 l\u2019occasion, causer de micro blessures musculaires (lors des p\u00e9trissages par exemple) il est contre-indiqu\u00e9 de faire un massage. M\u00eame le drainage lymphatique qui est pourtant un massage l\u00e9ger, qui favorise le mouvement de la lymphe, peut provoquer des h\u00e9morragies.<\/li>\n<li class=\"p7\"><b>Phl\u00e9bite :\u00a0<\/b>La phl\u00e9bite est une inflammation d\u2019une veine (habituellement au niveau des jambes). Le massage peut d\u00e9loger un caillot sanguin log\u00e9 dans la veine affect\u00e9e qui, pourrait alors se loger ailleurs dans l\u2019organisme (poumon, cerveaux).\u00a0 En cas de phl\u00e9bite, aucun massage, m\u00eame des zones non affect\u00e9es ne doit \u00eatre fait.<\/li>\n<li class=\"p7\"><b>Fi\u00e8vre:\u00a0<\/b>La fi\u00e8vre indique que l\u2019organisme combat une infection. Il est important de laisser le corps faire son travail. Le massage peut provoquer une augmentation de la temp\u00e9rature du corps, ce qui n\u2019est pas \u00e0 conseiller puisque la temp\u00e9rature du corps est d\u00e9j\u00e0 trop \u00e9lev\u00e9e. De plus, le massage pourrait favoriser le d\u00e9placement de l\u2019infection dans une autre zone du corps.<\/li>\n<li class=\"p7\"><b>Affection cutan\u00e9e:\u00a0<\/b>Pour les affections contagieuses, le massage est contre-indiqu\u00e9 afin d\u2019\u00e9viter de propager la maladie.<\/li>\n<li class=\"p7\"><b><i>Cancer\/Tumeur:\u00a0<\/i><\/b>Chaque cancer \u00e9tant diff\u00e9rent, il est sugg\u00e9r\u00e9 de demander pr\u00e9alablement l\u2019accord du m\u00e9decin traitant.\u00a0 Dans certains cas, le massage peut \u00eatre une contre-indication totale alors que dans d\u2019autres cas il peut ne pas l\u2019\u00eatre. C\u2019est pourquoi, si vous \u00eates atteint d\u2019un cancer, il est important en plus d\u2019obtenir un avis m\u00e9dical.<\/li>\n<li class=\"p7\"><b>Probl\u00e8me cardiaque (art\u00e9rioscl\u00e9rose, hypertension, etc<\/b>\u00a0car il influe sur la pression art\u00e9rielle et sur le rythme cardiaque.<\/li>\n<li class=\"p7\"><b>Inflammation (de la peau ou des articulations)<\/b>\n<ul>\n<li class=\"p10\">dermatoses ou \u00e9ruptions cutan\u00e9es<\/li>\n<li class=\"p10\">ecchymoses<\/li>\n<li class=\"p10\">entorses<\/li>\n<li class=\"p10\">d\u00e9chirures musculaires ou ligamentaires<\/li>\n<li class=\"p10\">fractures tisseuses<\/li>\n<li class=\"p10\">br\u00fblures<\/li>\n<\/ul>\n<\/li>\n<\/ul>\n<h5 class=\"p5\"><b>CONTRE-INDICATIONS LOCALES:<\/b><\/h5>\n<p class=\"p4\">Outre, les cas de force majeurs cit\u00e9s ci-dessus, il existe \u00e9galement plusieurs conditions m\u00e9dicales temporaires pour lesquelles une manipulation physique des membres peut entra\u00eener une aggravation de l\u2019\u00e9tat de sant\u00e9 du patient, voire m\u00eame cr\u00e9er de nouvelles l\u00e9sions.<\/p>\n<ul>\n<li class=\"p7\"><b>Diab\u00e8te:\u00a0<\/b>Souvent les gens soufrant de diab\u00e8te \u00e9prouvent des probl\u00e8mes circulatoire au niveau des extr\u00e9mit\u00e9s c\u2019est pourquoi il est imp\u00e9ratif de ne pas toucher aux jambes pendant le massage<\/li>\n<li class=\"p7\"><b>Varice:<\/b>\u00a0Les varices sont des veines endommag\u00e9es dans lesquelles le sang circule mal qui peuvent entra\u00eener des ulc\u00e8res ou des caillots sanguin. C\u2019est pourquoi, les zones touch\u00e9s ne doivent pas \u00eatre mass\u00e9s.<\/li>\n<\/ul>\n<h5 class=\"p5\"><b>GROSSESSE<\/b><\/h5>\n<p class=\"p1\">Il n\u2019est pas totalement contre-indiqu\u00e9 de recevoir un massage lorsqu\u2019on est enceinte, toutefois il faudra que le massage soit adapt\u00e9.<\/p>\n<p class=\"p1\">Plus sp\u00e9cifiquement, il est\u00a0<b>totalement proscrit<\/b>\u00a0de masser\u00a0<b>durant le premier trimestre<\/b>\u00a0et en\u00a0<b>fin de grossesse<\/b>\u00a0jusqu\u2019au\u00a0<b>retour de couche<\/b>.<\/p>\n<p class=\"p1\">Enfin, la plupart des massages s\u2019effectuent \u00e0 l\u2019aide d\u2019huiles essentielles qui peuvent \u00eatre \u00ab toxiques \u00bb pour les futures m\u00e8res, c\u2019est pour cela que tout massage sur une femme enceinte soit \u00eatre \u00e0 base d\u2019huile neutre.<\/p>\n\n\t\t<\/div>\n\t<\/div>\n<\/div><\/div><div class=\"vc_tta-panel\" id=\"1677258399096-68338169-72f0\" data-vc-content=\".vc_tta-panel-body\"><div class=\"vc_tta-panel-heading\"><h4 class=\"vc_tta-panel-title\"><a href=\"#1677258399096-68338169-72f0\" data-vc-accordion data-vc-container=\".vc_tta-container\"><span class=\"vc_tta-title-text\">PICTURES &amp; VIDEOS<\/span><\/a><\/h4><\/div><div class=\"vc_tta-panel-body\"><\/div><\/div><div class=\"vc_tta-panel\" id=\"1677258458349-ead31ff1-f433\" data-vc-content=\".vc_tta-panel-body\"><div class=\"vc_tta-panel-heading\"><h4 class=\"vc_tta-panel-title\"><a href=\"#1677258458349-ead31ff1-f433\" data-vc-accordion data-vc-container=\".vc_tta-container\"><span class=\"vc_tta-title-text\">REVIEWS<\/span><\/a><\/h4><\/div><div class=\"vc_tta-panel-body\"><div class=\"vc_row wpb_row vc_inner vc_row-fluid\"><div class=\"wpb_column vc_column_container vc_col-sm-4\"><div class=\"vc_column-inner\"><div class=\"wpb_wrapper\">\n\t<div class=\"wpb_text_column wpb_content_element\" >\n\t\t<div class=\"wpb_wrapper\">\n\t\t\t<p class=\"p1\"> <span id=\"state\"><\/span> \t\t<form action=\"\" method=\"post\" enctype=\"multipart\/form-data\" class=\"rr_review_form\" id=\"fprr_review_form\" data-trp-original-action=\"\">\n            <input type=\"hidden\" id=\"_wpnonce\" name=\"_wpnonce\" value=\"9b5241cd58\" \/><input type=\"hidden\" name=\"_wp_http_referer\" value=\"\/en\/wp-json\/wp\/v2\/pages\/32301\" \/>\t\t\t<input type=\"hidden\" name=\"rRating\" id=\"rRating\" value=\"0\" \/>\n\t\t\t<table class=\"form_table\">\n\t\t\t\n\t<tr class=\"rr_form_row\">\n\t\t<td class=\"rr_form_heading rr_required\" >\n\t\t\tName\t\t<\/td>\n\t\t<td class=\"rr_form_input\">\n\t\t\t<span class=\"form-err\"><\/span>\t\t\t<input class=\"rr_small_input\" type=\"text\" name=\"rName\" value=\"\" \/>\n\t\t<\/td>\n\t<\/tr>\n\t<tr class=\"rr_form_row\">\n\t\t<td class=\"rr_form_heading rr_required\" >\n\t\t\tEmail\t\t<\/td>\n\t\t<td class=\"rr_form_input\">\n\t\t\t<span class=\"form-err\"><\/span>\t\t\t<input class=\"rr_small_input\" type=\"text\" name=\"rEmail\" value=\"\" \/>\n\t\t<\/td>\n\t<\/tr>\n<tr class=\"rr_form_row\">\n\t<td class=\"rr_form_heading rr_required\">Rating<\/td>\n\t<td class=\"rr_form_input\">\n\t\t<span class=\"form-err\"><\/span>\t\t<div class=\"rr_stars_container\">\n\t\t\t<span class=\"rr_star glyphicon glyphicon-star-empty\" id=\"rr_star_1\"><\/span>\n\t\t\t<span class=\"rr_star glyphicon glyphicon-star-empty\" id=\"rr_star_2\"><\/span>\n\t\t\t<span class=\"rr_star glyphicon glyphicon-star-empty\" id=\"rr_star_3\"><\/span>\n\t\t\t<span class=\"rr_star glyphicon glyphicon-star-empty\" id=\"rr_star_4\"><\/span>\n\t\t\t<span class=\"rr_star glyphicon glyphicon-star-empty\" id=\"rr_star_5\"><\/span>\n\t\t<\/div>\n\t<\/td>\n<\/tr>\t<tr class=\"rr_form_row\">\n\t\t<td class=\"rr_form_heading rr_required\">\n\t\t\tReview Content\t\t<\/td>\n\t\t<td class=\"rr_form_input\">\n\t\t\t<span class=\"form-err\"><\/span>\t\t\t<textarea class=\"rr_large_input\" name=\"rText\" rows=\"10\"><\/textarea>\n\t\t<\/td>\n\t<\/tr>                <tr class=\"rr_form_row rr-honeydo\">\n                    <td>\n                        <label class=\"rr-honeydo\" for=\"org\"><\/label>\n                    <\/td>\n                    <td>\n                        <input class=\"rr-honeydo\" autocomplete=\"off\" type=\"text\" id=\"org\" name=\"org\" placeholder=\"Your Organization\">\n                    <\/td>\n                <\/tr>\n\t\t\t\t<tr class=\"rr_form_row\">\n\t\t\t\t\t<td><\/td>\n\t\t\t\t\t<td class=\"rr_form_input\"><input id=\"submitReview\" name=\"submitButton\" type=\"submit\" value=\"Submit\"\/><\/td>\n\t\t\t\t<\/tr>\n\t\t\t<\/table>\n\t\t<input type=\"hidden\" name=\"trp-form-language\" value=\"en\"\/><\/form>\n\t<\/p>\n\n\t\t<\/div>\n\t<\/div>\n<\/div><\/div><\/div><div class=\"wpb_column vc_column_container vc_col-sm-8\"><div class=\"vc_column-inner\"><div class=\"wpb_wrapper\">\n\t<div class=\"wpb_text_column wpb_content_element\" >\n\t\t<div class=\"wpb_wrapper\">\n\t\t\t<p class=\"p1\">\t<style>\n\t\t.stars, .rr_star {\n\t\t\tcolor: #ffaf00;\n\t\t}\n\t<\/style>\n\t<\/p>\n\n\t\t<\/div>\n\t<\/div>\n<\/div><\/div><\/div><\/div><\/div><\/div><div class=\"vc_tta-panel\" id=\"1677258472482-882c185d-be92\" data-vc-content=\".vc_tta-panel-body\"><div class=\"vc_tta-panel-heading\"><h4 class=\"vc_tta-panel-title\"><a href=\"#1677258472482-882c185d-be92\" data-vc-accordion data-vc-container=\".vc_tta-container\"><span class=\"vc_tta-title-text\">BUY GIFT CARDS<\/span><\/a><\/h4><\/div><div class=\"vc_tta-panel-body\"><div class=\"basel-products-element\"><div class=\"products elements-grid row basel-products-holder  pagination- grid-columns-6\" data-paged=\"1\" data-source=\"shortcode\" data-atts=\"{&quot;post_type&quot;:&quot;product&quot;,&quot;query_post_type&quot;:&quot;product&quot;,&quot;layout&quot;:&quot;grid&quot;,&quot;include&quot;:&quot;&quot;,&quot;custom_query&quot;:&quot;&quot;,&quot;taxonomies&quot;:&quot;48&quot;,&quot;pagination&quot;:&quot;&quot;,&quot;items_per_page&quot;:&quot;12&quot;,&quot;product_hover&quot;:&quot;link&quot;,&quot;columns&quot;:&quot;6&quot;,&quot;sale_countdown&quot;:0,&quot;offset&quot;:&quot;&quot;,&quot;orderby&quot;:&quot;date&quot;,&quot;query_type&quot;:&quot;OR&quot;,&quot;order&quot;:&quot;DESC&quot;,&quot;meta_key&quot;:&quot;&quot;,&quot;exclude&quot;:&quot;&quot;,&quot;class&quot;:&quot;&quot;,&quot;ajax_page&quot;:&quot;&quot;,&quot;speed&quot;:&quot;5000&quot;,&quot;slides_per_view&quot;:&quot;1&quot;,&quot;slides_per_view_tablet&quot;:&quot;auto&quot;,&quot;slides_per_view_mobile&quot;:&quot;auto&quot;,&quot;wrap&quot;:&quot;&quot;,&quot;autoplay&quot;:&quot;no&quot;,&quot;hide_pagination_control&quot;:&quot;&quot;,&quot;hide_prev_next_buttons&quot;:&quot;&quot;,&quot;scroll_per_page&quot;:&quot;yes&quot;,&quot;carousel_js_inline&quot;:&quot;no&quot;,&quot;img_size&quot;:&quot;woocommerce_thumbnail&quot;,&quot;force_not_ajax&quot;:&quot;no&quot;,&quot;center_mode&quot;:&quot;no&quot;,&quot;scroll_carousel_init&quot;:&quot;no&quot;,&quot;hide_out_of_stock&quot;:&quot;no&quot;,&quot;products_masonry&quot;:&quot;&quot;,&quot;products_different_sizes&quot;:&quot;0&quot;}\">\t<div class=\"product-grid-item basel-hover-link product  col-md-2 col-sm-4 col-xs-6 first  type-product post-32319 status-publish first outofstock product_cat-massage product_cat-all product_tag-massage-aux-pierres-chaudes has-post-thumbnail virtual purchasable product-type-simple\" data-loop=\"1\" data-id=\"32319\">\n\n\t\t<div class=\"product-element-top\">\n\t<a href=\"https:\/\/www.thenomadmasseur.com\/en\/product\/massage-aux-pierres-chaudes-60m\/\">\n\t\t<img loading=\"lazy\" decoding=\"async\" width=\"600\" height=\"600\" src=\"https:\/\/www.thenomadmasseur.com\/wp-content\/uploads\/2023\/03\/Carte-Cadeau-Massage-aux-Pierres-Chaudes-600x600.png\" class=\"attachment-woocommerce_thumbnail size-woocommerce_thumbnail\" alt=\"\" srcset=\"https:\/\/www.thenomadmasseur.com\/wp-content\/uploads\/2023\/03\/Carte-Cadeau-Massage-aux-Pierres-Chaudes.png 600w, https:\/\/www.thenomadmasseur.com\/wp-content\/uploads\/2023\/03\/Carte-Cadeau-Massage-aux-Pierres-Chaudes-300x300.png 300w, https:\/\/www.thenomadmasseur.com\/wp-content\/uploads\/2023\/03\/Carte-Cadeau-Massage-aux-Pierres-Chaudes-150x150.png 150w, https:\/\/www.thenomadmasseur.com\/wp-content\/uploads\/2023\/03\/Carte-Cadeau-Massage-aux-Pierres-Chaudes-100x100.png 100w\" sizes=\"auto, (max-width: 600px) 100vw, 600px\" \/>\t<\/a>\n\t\t<div class=\"basel-buttons\">\n\t\t\t\t\t<div class=\"basel-wishlist-btn\">\n\t\t\t\t<a class=\"button basel-tooltip\" rel=\"nofollow\" href=\"https:\/\/www.thenomadmasseur.com\/en\/home\/wishlist\/\" data-key=\"b09ae62c05\" data-product-id=\"32319\" data-added-text=\"Browse Wishlist\">Add to wishlist<\/a>\n\t\t\t<\/div>\n\t\t\t\t\t\t\t\t\t<div class=\"quick-view\">\n\t\t\t\t<a \n\t\t\t\t\thref=\"https:\/\/www.thenomadmasseur.com\/en\/product\/massage-aux-pierres-chaudes-60m\/\" \n\t\t\t\t\tclass=\"open-quick-view quick-view-button\"\n\t\t\t\t\trel=\"nofollow\"\n\t\t\t\t\tdata-id=\"32319\">Quick View<\/a>\n\t\t\t<\/div>\n\t\t\t<\/div>\n<\/div>\n<h3 class=\"product-title\"><a href=\"https:\/\/www.thenomadmasseur.com\/en\/product\/massage-aux-pierres-chaudes-60m\/\">Massage aux pierres chaudes | 60m<\/a><\/h3>\n\n<div class=\"wrapp-swap\">\n\t<div class=\"swap-elements\">\n\t\t\n\t<span class=\"price\"><span class=\"woocommerce-Price-amount amount\"><bdi>60.00<span class=\"woocommerce-Price-currencySymbol\">&euro;<\/span><\/bdi><\/span><\/span>\n\t\t<div class=\"btn-add\">\n\t\t\t<a href=\"https:\/\/www.thenomadmasseur.com\/en\/product\/massage-aux-pierres-chaudes-60m\/\" data-quantity=\"1\" class=\"button product_type_simple\" data-product_id=\"32319\" data-product_sku=\"\" aria-label=\"Read more about \u201cMassage aux pierres chaudes | 60m\u201d\" aria-describedby=\"\" rel=\"nofollow\" data-no-translation=\"\" data-trp-gettext=\"\" data-no-translation-aria-label=\"\">Read more<\/a>\t\t<\/div>\n\t<\/div>\n<\/div>\n\n\n\n\t<\/div>\n<\/div><\/div><\/div><\/div><\/div><\/div><\/div><\/div><\/div><\/div><\/div><\/div>\n<\/section>","protected":false},"excerpt":{"rendered":"","protected":false},"author":1,"featured_media":0,"parent":32156,"menu_order":0,"comment_status":"closed","ping_status":"closed","template":"","meta":{"_exactmetrics_skip_tracking":false,"_exactmetrics_sitenote_active":false,"_exactmetrics_sitenote_note":"","_exactmetrics_sitenote_category":0,"footnotes":""},"class_list":["post-32301","page","type-page","status-publish","hentry"],"_links":{"self":[{"href":"https:\/\/www.thenomadmasseur.com\/en\/wp-json\/wp\/v2\/pages\/32301","targetHints":{"allow":["GET"]}}],"collection":[{"href":"https:\/\/www.thenomadmasseur.com\/en\/wp-json\/wp\/v2\/pages"}],"about":[{"href":"https:\/\/www.thenomadmasseur.com\/en\/wp-json\/wp\/v2\/types\/page"}],"author":[{"embeddable":true,"href":"https:\/\/www.thenomadmasseur.com\/en\/wp-json\/wp\/v2\/users\/1"}],"replies":[{"embeddable":true,"href":"https:\/\/www.thenomadmasseur.com\/en\/wp-json\/wp\/v2\/comments?post=32301"}],"version-history":[{"count":12,"href":"https:\/\/www.thenomadmasseur.com\/en\/wp-json\/wp\/v2\/pages\/32301\/revisions"}],"predecessor-version":[{"id":32843,"href":"https:\/\/www.thenomadmasseur.com\/en\/wp-json\/wp\/v2\/pages\/32301\/revisions\/32843"}],"up":[{"embeddable":true,"href":"https:\/\/www.thenomadmasseur.com\/en\/wp-json\/wp\/v2\/pages\/32156"}],"wp:attachment":[{"href":"https:\/\/www.thenomadmasseur.com\/en\/wp-json\/wp\/v2\/media?parent=32301"}],"curies":[{"name":"wp","href":"https:\/\/api.w.org\/{rel}","templated":true}]}}