{"id":32299,"date":"2023-02-24T18:03:38","date_gmt":"2023-02-24T17:03:38","guid":{"rendered":"http:\/\/www.thenomadmasseur.com\/?page_id=32299"},"modified":"2023-03-01T21:34:20","modified_gmt":"2023-03-01T20:34:20","slug":"massage-du-visage-aux-pierres-chaudes","status":"publish","type":"page","link":"https:\/\/www.thenomadmasseur.com\/en\/home\/carte-des-soins\/les-soins-du-visage\/massage-du-visage-aux-pierres-chaudes\/","title":{"rendered":"Hot Stone Facial Massage"},"content":{"rendered":"<section class=\"wpb-content-wrapper\"><div class=\"vc_row wpb_row vc_row-fluid\"><div class=\"wpb_column vc_column_container vc_col-sm-12\"><div class=\"vc_column-inner\"><div class=\"wpb_wrapper\"><div class=\"title-wrapper  basel-title-color-default basel-title-style-bordered basel-title-size-default text-center\"><div class=\"liner-continer\"> <span class=\"left-line\"><\/span> <h4 class=\"title\" >MASSAGE DU VISAGE AUX PIERRES CHAUDES<span class=\"title-separator\"><span><\/span><\/span><\/h4> <span class=\"right-line\"><\/span> <\/div><\/div><div class=\"vc_separator wpb_content_element vc_separator_align_center vc_sep_width_100 vc_sep_pos_align_center vc_separator_no_text vc_sep_color_white\" ><span class=\"vc_sep_holder vc_sep_holder_l\"><span class=\"vc_sep_line\"><\/span><\/span><span class=\"vc_sep_holder vc_sep_holder_r\"><span class=\"vc_sep_line\"><\/span><\/span>\n<\/div><\/div><\/div><\/div><\/div><div class=\"vc_row wpb_row vc_row-fluid\"><div class=\"wpb_column vc_column_container vc_col-sm-12\"><div class=\"vc_column-inner\"><div class=\"wpb_wrapper\"><div class=\"vc_tta-container\" data-vc-action=\"collapse\"><div class=\"vc_general vc_tta vc_tta-tabs vc_tta-color-white vc_tta-style-classic vc_tta-shape-rounded vc_tta-spacing-1 vc_tta-o-no-fill vc_tta-tabs-position-top vc_tta-controls-align-center\"><div class=\"vc_tta-tabs-container\"><ul class=\"vc_tta-tabs-list\"><li class=\"vc_tta-tab vc_active\" data-vc-tab><a href=\"#1677258053203-8de27bbe-8103\" data-vc-tabs data-vc-container=\".vc_tta\"><span class=\"vc_tta-title-text\">WHAT IS IT?<\/span><\/a><\/li><li class=\"vc_tta-tab\" data-vc-tab><a href=\"#1677258053217-df77ef6c-e434\" data-vc-tabs data-vc-container=\".vc_tta\"><span class=\"vc_tta-title-text\">PICTURES &amp; VIDEOS<\/span><\/a><\/li><li class=\"vc_tta-tab\" data-vc-tab><a href=\"#1677258104311-4d79a29b-4f2d\" data-vc-tabs data-vc-container=\".vc_tta\"><span class=\"vc_tta-title-text\">REVIEWS<\/span><\/a><\/li><li class=\"vc_tta-tab\" data-vc-tab><a href=\"#1677258141167-22390817-33ea\" data-vc-tabs data-vc-container=\".vc_tta\"><span class=\"vc_tta-title-text\">BUY GIFT CARDS<\/span><\/a><\/li><\/ul><\/div><div class=\"vc_tta-panels-container\"><div class=\"vc_tta-panels\"><div class=\"vc_tta-panel vc_active\" id=\"1677258053203-8de27bbe-8103\" data-vc-content=\".vc_tta-panel-body\"><div class=\"vc_tta-panel-heading\"><h4 class=\"vc_tta-panel-title\"><a href=\"#1677258053203-8de27bbe-8103\" data-vc-accordion data-vc-container=\".vc_tta-container\"><span class=\"vc_tta-title-text\">WHAT IS IT?<\/span><\/a><\/h4><\/div><div class=\"vc_tta-panel-body\"><div class=\"vc_row wpb_row vc_inner vc_row-fluid\"><div class=\"wpb_column vc_column_container vc_col-sm-10\"><div class=\"vc_column-inner vc_custom_1677371966873\"><div class=\"wpb_wrapper\"><div class=\"vc_separator wpb_content_element vc_separator_align_center vc_sep_width_100 vc_sep_pos_align_center vc_separator_no_text vc_sep_color_white\" ><span class=\"vc_sep_holder vc_sep_holder_l\"><span class=\"vc_sep_line\"><\/span><\/span><span class=\"vc_sep_holder vc_sep_holder_r\"><span class=\"vc_sep_line\"><\/span><\/span>\n<\/div>\n\t<div class=\"wpb_text_column wpb_content_element\" >\n\t\t<div class=\"wpb_wrapper\">\n\t\t\t<p class=\"p1\" style=\"text-align: justify;\">Ce soin holistique procure une profonde sensation de bien-\u00eatre et de relaxation. Il permet \u00e9galement d&#8217;effacer les marques de stress du visage, de stimuler le m\u00e9tabolisme de la peau, de stimuler le syst\u00e8me lymphatique et de r\u00e9duire la taille des pores, ce qui a pour effet d&#8217;avoir une peau beaucoup plus jeune en apparence. Les effets b\u00e9n\u00e9fiques de cette technique peuvent durer plusieurs jours en fonction du m\u00e9tabolique de chaque individu.<\/p>\n\n\t\t<\/div>\n\t<\/div>\n<\/div><\/div><\/div><div class=\"wpb_column vc_column_container vc_col-sm-2\"><div class=\"vc_column-inner\"><div class=\"wpb_wrapper\">\n\t<div class=\"wpb_text_column wpb_content_element\" >\n\t\t<div class=\"wpb_wrapper\">\n\t\t\t<p><img loading=\"lazy\" decoding=\"async\" class=\"aligncenter wp-image-32830\" src=\"https:\/\/www.thenomadmasseur.com\/wp-content\/uploads\/2023\/03\/Massage-du-visage-aux-Pierres-Chaudes-300x300.png\" alt=\"\" width=\"200\" height=\"200\" srcset=\"https:\/\/www.thenomadmasseur.com\/wp-content\/uploads\/2023\/03\/Massage-du-visage-aux-Pierres-Chaudes-300x300.png 300w, https:\/\/www.thenomadmasseur.com\/wp-content\/uploads\/2023\/03\/Massage-du-visage-aux-Pierres-Chaudes-150x150.png 150w, https:\/\/www.thenomadmasseur.com\/wp-content\/uploads\/2023\/03\/Massage-du-visage-aux-Pierres-Chaudes.png 600w, https:\/\/www.thenomadmasseur.com\/wp-content\/uploads\/2023\/03\/Massage-du-visage-aux-Pierres-Chaudes-100x100.png 100w\" sizes=\"auto, (max-width: 200px) 100vw, 200px\" \/><\/p>\n\n\t\t<\/div>\n\t<\/div>\n<\/div><\/div><\/div><\/div><\/div><\/div><div class=\"vc_tta-panel\" id=\"1677258053217-df77ef6c-e434\" data-vc-content=\".vc_tta-panel-body\"><div class=\"vc_tta-panel-heading\"><h4 class=\"vc_tta-panel-title\"><a href=\"#1677258053217-df77ef6c-e434\" data-vc-accordion data-vc-container=\".vc_tta-container\"><span class=\"vc_tta-title-text\">PICTURES &amp; VIDEOS<\/span><\/a><\/h4><\/div><div class=\"vc_tta-panel-body\"><\/div><\/div><div class=\"vc_tta-panel\" id=\"1677258104311-4d79a29b-4f2d\" data-vc-content=\".vc_tta-panel-body\"><div class=\"vc_tta-panel-heading\"><h4 class=\"vc_tta-panel-title\"><a href=\"#1677258104311-4d79a29b-4f2d\" data-vc-accordion data-vc-container=\".vc_tta-container\"><span class=\"vc_tta-title-text\">REVIEWS<\/span><\/a><\/h4><\/div><div class=\"vc_tta-panel-body\"><div class=\"vc_row wpb_row vc_inner vc_row-fluid\"><div class=\"wpb_column vc_column_container vc_col-sm-4\"><div class=\"vc_column-inner\"><div class=\"wpb_wrapper\">\n\t<div class=\"wpb_text_column wpb_content_element\" >\n\t\t<div class=\"wpb_wrapper\">\n\t\t\t<p class=\"p1\"> <span id=\"state\"><\/span> \t\t<form action=\"\" method=\"post\" enctype=\"multipart\/form-data\" class=\"rr_review_form\" id=\"fprr_review_form\" data-trp-original-action=\"\">\n            <input type=\"hidden\" id=\"_wpnonce\" name=\"_wpnonce\" value=\"a5a00c80f1\" \/><input type=\"hidden\" name=\"_wp_http_referer\" value=\"\/en\/wp-json\/wp\/v2\/pages\/32299\" \/>\t\t\t<input type=\"hidden\" name=\"rRating\" id=\"rRating\" value=\"0\" \/>\n\t\t\t<table class=\"form_table\">\n\t\t\t\n\t<tr class=\"rr_form_row\">\n\t\t<td class=\"rr_form_heading rr_required\" >\n\t\t\tName\t\t<\/td>\n\t\t<td class=\"rr_form_input\">\n\t\t\t<span class=\"form-err\"><\/span>\t\t\t<input class=\"rr_small_input\" type=\"text\" name=\"rName\" value=\"\" \/>\n\t\t<\/td>\n\t<\/tr>\n\t<tr class=\"rr_form_row\">\n\t\t<td class=\"rr_form_heading rr_required\" >\n\t\t\tEmail\t\t<\/td>\n\t\t<td class=\"rr_form_input\">\n\t\t\t<span class=\"form-err\"><\/span>\t\t\t<input class=\"rr_small_input\" type=\"text\" name=\"rEmail\" value=\"\" \/>\n\t\t<\/td>\n\t<\/tr>\n<tr class=\"rr_form_row\">\n\t<td class=\"rr_form_heading rr_required\">Rating<\/td>\n\t<td class=\"rr_form_input\">\n\t\t<span class=\"form-err\"><\/span>\t\t<div class=\"rr_stars_container\">\n\t\t\t<span class=\"rr_star glyphicon glyphicon-star-empty\" id=\"rr_star_1\"><\/span>\n\t\t\t<span class=\"rr_star glyphicon glyphicon-star-empty\" id=\"rr_star_2\"><\/span>\n\t\t\t<span class=\"rr_star glyphicon glyphicon-star-empty\" id=\"rr_star_3\"><\/span>\n\t\t\t<span class=\"rr_star glyphicon glyphicon-star-empty\" id=\"rr_star_4\"><\/span>\n\t\t\t<span class=\"rr_star glyphicon glyphicon-star-empty\" id=\"rr_star_5\"><\/span>\n\t\t<\/div>\n\t<\/td>\n<\/tr>\t<tr class=\"rr_form_row\">\n\t\t<td class=\"rr_form_heading rr_required\">\n\t\t\tReview Content\t\t<\/td>\n\t\t<td class=\"rr_form_input\">\n\t\t\t<span class=\"form-err\"><\/span>\t\t\t<textarea class=\"rr_large_input\" name=\"rText\" rows=\"10\"><\/textarea>\n\t\t<\/td>\n\t<\/tr>                <tr class=\"rr_form_row rr-honeydo\">\n                    <td>\n                        <label class=\"rr-honeydo\" for=\"org\"><\/label>\n                    <\/td>\n                    <td>\n                        <input class=\"rr-honeydo\" autocomplete=\"off\" type=\"text\" id=\"org\" name=\"org\" placeholder=\"Your Organization\">\n                    <\/td>\n                <\/tr>\n\t\t\t\t<tr class=\"rr_form_row\">\n\t\t\t\t\t<td><\/td>\n\t\t\t\t\t<td class=\"rr_form_input\"><input id=\"submitReview\" name=\"submitButton\" type=\"submit\" value=\"Submit\"\/><\/td>\n\t\t\t\t<\/tr>\n\t\t\t<\/table>\n\t\t<input type=\"hidden\" name=\"trp-form-language\" value=\"en\"\/><\/form>\n\t<\/p>\n\n\t\t<\/div>\n\t<\/div>\n<\/div><\/div><\/div><div class=\"wpb_column vc_column_container vc_col-sm-8\"><div class=\"vc_column-inner\"><div class=\"wpb_wrapper\">\n\t<div class=\"wpb_text_column wpb_content_element\" >\n\t\t<div class=\"wpb_wrapper\">\n\t\t\t<p class=\"p1\">\t<style>\n\t\t.stars, .rr_star {\n\t\t\tcolor: #ffaf00;\n\t\t}\n\t<\/style>\n\t<\/p>\n<p>&nbsp;<\/p>\n\n\t\t<\/div>\n\t<\/div>\n<\/div><\/div><\/div><\/div><\/div><\/div><div class=\"vc_tta-panel\" id=\"1677258141167-22390817-33ea\" data-vc-content=\".vc_tta-panel-body\"><div class=\"vc_tta-panel-heading\"><h4 class=\"vc_tta-panel-title\"><a href=\"#1677258141167-22390817-33ea\" data-vc-accordion data-vc-container=\".vc_tta-container\"><span class=\"vc_tta-title-text\">BUY GIFT CARDS<\/span><\/a><\/h4><\/div><div class=\"vc_tta-panel-body\"><div class=\"basel-products-element\"><div class=\"products elements-grid row basel-products-holder  pagination- grid-columns-6\" data-paged=\"1\" data-source=\"shortcode\" data-atts=\"{&quot;post_type&quot;:&quot;product&quot;,&quot;query_post_type&quot;:&quot;product&quot;,&quot;layout&quot;:&quot;grid&quot;,&quot;include&quot;:&quot;&quot;,&quot;custom_query&quot;:&quot;&quot;,&quot;taxonomies&quot;:&quot;50&quot;,&quot;pagination&quot;:&quot;&quot;,&quot;items_per_page&quot;:&quot;12&quot;,&quot;product_hover&quot;:&quot;link&quot;,&quot;columns&quot;:&quot;6&quot;,&quot;sale_countdown&quot;:0,&quot;offset&quot;:&quot;&quot;,&quot;orderby&quot;:&quot;date&quot;,&quot;query_type&quot;:&quot;OR&quot;,&quot;order&quot;:&quot;DESC&quot;,&quot;meta_key&quot;:&quot;&quot;,&quot;exclude&quot;:&quot;&quot;,&quot;class&quot;:&quot;&quot;,&quot;ajax_page&quot;:&quot;&quot;,&quot;speed&quot;:&quot;5000&quot;,&quot;slides_per_view&quot;:&quot;1&quot;,&quot;slides_per_view_tablet&quot;:&quot;auto&quot;,&quot;slides_per_view_mobile&quot;:&quot;auto&quot;,&quot;wrap&quot;:&quot;&quot;,&quot;autoplay&quot;:&quot;no&quot;,&quot;hide_pagination_control&quot;:&quot;&quot;,&quot;hide_prev_next_buttons&quot;:&quot;&quot;,&quot;scroll_per_page&quot;:&quot;yes&quot;,&quot;carousel_js_inline&quot;:&quot;no&quot;,&quot;img_size&quot;:&quot;woocommerce_thumbnail&quot;,&quot;force_not_ajax&quot;:&quot;no&quot;,&quot;center_mode&quot;:&quot;no&quot;,&quot;scroll_carousel_init&quot;:&quot;no&quot;,&quot;hide_out_of_stock&quot;:&quot;no&quot;,&quot;products_masonry&quot;:&quot;&quot;,&quot;products_different_sizes&quot;:&quot;0&quot;}\">\t<div class=\"product-grid-item basel-hover-link product  col-md-2 col-sm-4 col-xs-6 first  type-product post-32324 status-publish first outofstock product_cat-massage product_cat-soins-du-visage product_cat-all product_tag-massage-du-visage-aux-pierres-chaudes has-post-thumbnail virtual purchasable product-type-simple\" data-loop=\"1\" data-id=\"32324\">\n\n\t\t<div class=\"product-element-top\">\n\t<a href=\"https:\/\/www.thenomadmasseur.com\/en\/product\/massage-du-visage-aux-pierres-chaudes-30m\/\">\n\t\t<img loading=\"lazy\" decoding=\"async\" width=\"600\" height=\"600\" src=\"https:\/\/www.thenomadmasseur.com\/wp-content\/uploads\/2023\/03\/Carte-Cadeau-Massage-du-visage-aux-Pierres-Chaudes-600x600.png\" class=\"attachment-woocommerce_thumbnail size-woocommerce_thumbnail\" alt=\"\" srcset=\"https:\/\/www.thenomadmasseur.com\/wp-content\/uploads\/2023\/03\/Carte-Cadeau-Massage-du-visage-aux-Pierres-Chaudes.png 600w, https:\/\/www.thenomadmasseur.com\/wp-content\/uploads\/2023\/03\/Carte-Cadeau-Massage-du-visage-aux-Pierres-Chaudes-300x300.png 300w, https:\/\/www.thenomadmasseur.com\/wp-content\/uploads\/2023\/03\/Carte-Cadeau-Massage-du-visage-aux-Pierres-Chaudes-150x150.png 150w, https:\/\/www.thenomadmasseur.com\/wp-content\/uploads\/2023\/03\/Carte-Cadeau-Massage-du-visage-aux-Pierres-Chaudes-100x100.png 100w\" sizes=\"auto, (max-width: 600px) 100vw, 600px\" \/>\t<\/a>\n\t\t<div class=\"basel-buttons\">\n\t\t\t\t\t<div class=\"basel-wishlist-btn\">\n\t\t\t\t<a class=\"button basel-tooltip\" rel=\"nofollow\" href=\"https:\/\/www.thenomadmasseur.com\/en\/home\/wishlist\/\" data-key=\"b8804917c7\" data-product-id=\"32324\" data-added-text=\"Browse Wishlist\">Add to wishlist<\/a>\n\t\t\t<\/div>\n\t\t\t\t\t\t\t\t\t<div class=\"quick-view\">\n\t\t\t\t<a \n\t\t\t\t\thref=\"https:\/\/www.thenomadmasseur.com\/en\/product\/massage-du-visage-aux-pierres-chaudes-30m\/\" \n\t\t\t\t\tclass=\"open-quick-view quick-view-button\"\n\t\t\t\t\trel=\"nofollow\"\n\t\t\t\t\tdata-id=\"32324\">Quick View<\/a>\n\t\t\t<\/div>\n\t\t\t<\/div>\n<\/div>\n<h3 class=\"product-title\"><a href=\"https:\/\/www.thenomadmasseur.com\/en\/product\/massage-du-visage-aux-pierres-chaudes-30m\/\">Massage du visage aux pierres chaudes | 30m<\/a><\/h3>\n\n<div class=\"wrapp-swap\">\n\t<div class=\"swap-elements\">\n\t\t\n\t<span class=\"price\"><span class=\"woocommerce-Price-amount amount\"><bdi>30.00<span class=\"woocommerce-Price-currencySymbol\">&euro;<\/span><\/bdi><\/span><\/span>\n\t\t<div class=\"btn-add\">\n\t\t\t<a href=\"https:\/\/www.thenomadmasseur.com\/en\/product\/massage-du-visage-aux-pierres-chaudes-30m\/\" data-quantity=\"1\" class=\"button product_type_simple\" data-product_id=\"32324\" data-product_sku=\"\" aria-label=\"Read more about \u201cMassage du visage aux pierres chaudes | 30m\u201d\" aria-describedby=\"\" rel=\"nofollow\" data-no-translation=\"\" data-trp-gettext=\"\" data-no-translation-aria-label=\"\">Read more<\/a>\t\t<\/div>\n\t<\/div>\n<\/div>\n\n\n\n\t<\/div>\n<\/div><\/div><\/div><\/div><\/div><\/div><\/div><\/div><\/div><\/div><\/div><\/div>\n<\/section>","protected":false},"excerpt":{"rendered":"","protected":false},"author":1,"featured_media":0,"parent":32160,"menu_order":0,"comment_status":"closed","ping_status":"closed","template":"","meta":{"_exactmetrics_skip_tracking":false,"_exactmetrics_sitenote_active":false,"_exactmetrics_sitenote_note":"","_exactmetrics_sitenote_category":0,"footnotes":""},"class_list":["post-32299","page","type-page","status-publish","hentry"],"_links":{"self":[{"href":"https:\/\/www.thenomadmasseur.com\/en\/wp-json\/wp\/v2\/pages\/32299","targetHints":{"allow":["GET"]}}],"collection":[{"href":"https:\/\/www.thenomadmasseur.com\/en\/wp-json\/wp\/v2\/pages"}],"about":[{"href":"https:\/\/www.thenomadmasseur.com\/en\/wp-json\/wp\/v2\/types\/page"}],"author":[{"embeddable":true,"href":"https:\/\/www.thenomadmasseur.com\/en\/wp-json\/wp\/v2\/users\/1"}],"replies":[{"embeddable":true,"href":"https:\/\/www.thenomadmasseur.com\/en\/wp-json\/wp\/v2\/comments?post=32299"}],"version-history":[{"count":10,"href":"https:\/\/www.thenomadmasseur.com\/en\/wp-json\/wp\/v2\/pages\/32299\/revisions"}],"predecessor-version":[{"id":32849,"href":"https:\/\/www.thenomadmasseur.com\/en\/wp-json\/wp\/v2\/pages\/32299\/revisions\/32849"}],"up":[{"embeddable":true,"href":"https:\/\/www.thenomadmasseur.com\/en\/wp-json\/wp\/v2\/pages\/32160"}],"wp:attachment":[{"href":"https:\/\/www.thenomadmasseur.com\/en\/wp-json\/wp\/v2\/media?parent=32299"}],"curies":[{"name":"wp","href":"https:\/\/api.w.org\/{rel}","templated":true}]}}