{"id":32279,"date":"2023-02-24T16:51:48","date_gmt":"2023-02-24T15:51:48","guid":{"rendered":"http:\/\/www.thenomadmasseur.com\/?page_id=32279"},"modified":"2023-03-02T14:16:20","modified_gmt":"2023-03-02T13:16:20","slug":"soins-des-oreilles-bougie-hopi","status":"publish","type":"page","link":"https:\/\/www.thenomadmasseur.com\/en\/home\/carte-des-soins\/les-soins-du-corps\/soins-des-oreilles-bougie-hopi\/","title":{"rendered":"SOINS DES OREILLES &#8211; Bougie HOPI"},"content":{"rendered":"<section class=\"wpb-content-wrapper\"><div class=\"vc_row wpb_row vc_row-fluid\"><div class=\"wpb_column vc_column_container vc_col-sm-12\"><div class=\"vc_column-inner\"><div class=\"wpb_wrapper\"><div class=\"title-wrapper  basel-title-color-default basel-title-style-bordered basel-title-size-default text-center\"><div class=\"liner-continer\"> <span class=\"left-line\"><\/span> <h4 class=\"title\" >SOIN DES OREILLES - BOUGIE HOPI<span class=\"title-separator\"><span><\/span><\/span><\/h4> <span class=\"right-line\"><\/span> <\/div><\/div><div class=\"vc_separator wpb_content_element vc_separator_align_center vc_sep_width_100 vc_sep_pos_align_center vc_separator_no_text vc_sep_color_white\" ><span class=\"vc_sep_holder vc_sep_holder_l\"><span class=\"vc_sep_line\"><\/span><\/span><span class=\"vc_sep_holder vc_sep_holder_r\"><span class=\"vc_sep_line\"><\/span><\/span>\n<\/div><\/div><\/div><\/div><\/div><div class=\"vc_row wpb_row vc_row-fluid\"><div class=\"wpb_column vc_column_container vc_col-sm-12\"><div class=\"vc_column-inner\"><div class=\"wpb_wrapper\"><div class=\"vc_tta-container\" data-vc-action=\"collapse\"><div class=\"vc_general vc_tta vc_tta-tabs vc_tta-color-white vc_tta-style-classic vc_tta-shape-rounded vc_tta-spacing-1 vc_tta-o-no-fill vc_tta-tabs-position-top vc_tta-controls-align-center\"><div class=\"vc_tta-tabs-container\"><ul class=\"vc_tta-tabs-list\"><li class=\"vc_tta-tab vc_active\" data-vc-tab><a href=\"#1677253762546-9b3b2e92-3e45\" data-vc-tabs data-vc-container=\".vc_tta\"><span class=\"vc_tta-title-text\">WHAT IS IT?<\/span><\/a><\/li><li class=\"vc_tta-tab\" data-vc-tab><a href=\"#1677253762554-63acc5ab-6108\" data-vc-tabs data-vc-container=\".vc_tta\"><span class=\"vc_tta-title-text\">PICTURES &amp; VIDEOS<\/span><\/a><\/li><li class=\"vc_tta-tab\" data-vc-tab><a href=\"#1677253818880-919a3078-d22a\" data-vc-tabs data-vc-container=\".vc_tta\"><span class=\"vc_tta-title-text\">REVIEWS<\/span><\/a><\/li><li class=\"vc_tta-tab\" data-vc-tab><a href=\"#1677253811129-63f42346-725c\" data-vc-tabs data-vc-container=\".vc_tta\"><span class=\"vc_tta-title-text\">BUY GIFT CARDS<\/span><\/a><\/li><\/ul><\/div><div class=\"vc_tta-panels-container\"><div class=\"vc_tta-panels\"><div class=\"vc_tta-panel vc_active\" id=\"1677253762546-9b3b2e92-3e45\" data-vc-content=\".vc_tta-panel-body\"><div class=\"vc_tta-panel-heading\"><h4 class=\"vc_tta-panel-title\"><a href=\"#1677253762546-9b3b2e92-3e45\" data-vc-accordion data-vc-container=\".vc_tta-container\"><span class=\"vc_tta-title-text\">WHAT IS IT?<\/span><\/a><\/h4><\/div><div class=\"vc_tta-panel-body\"><div class=\"vc_row wpb_row vc_inner vc_row-fluid\"><div class=\"wpb_column vc_column_container vc_col-sm-10\"><div class=\"vc_column-inner\"><div class=\"wpb_wrapper\">\n\t<div class=\"wpb_text_column wpb_content_element\" >\n\t\t<div class=\"wpb_wrapper\">\n\t\t\t<p class=\"p1\" style=\"text-align: justify;\">Les Bougies d\u2019oreilles sont une bonne vieille m\u00e9thode transmise par les anciens pour votre hygi\u00e8ne et votre bien-\u00eatre.<\/p>\n<p class=\"p1\" style=\"text-align: justify;\">Autrefois les indiens Hopi utilisaient cette technique ancestrale pour se r\u00e9g\u00e9n\u00e9rer.<\/p>\n<p class=\"p1\" style=\"text-align: justify;\">Aujourd\u2019hui ces petites chandelles auriculaires creuses, d\u2019environ 20 cm, faite de cire d\u2019abeille naturelle sur une toile de coton non blanchie au chlore, d\u2019une feuille argent\u00e9e pour favoriser la r\u00e9flexion de la chaleur (de culture exempte de pesticides) choisies pour leur action sur l\u2019oreille.<\/p>\n<p class=\"p1\" style=\"text-align: justify;\">Appr\u00e9ciez avant tout, le bien-\u00eatre que procure une s\u00e9ance de Bougies d\u2019oreille; vous vous sentez envahi par une chaleur bienfaisante et voluptueuse. Comme si le gr\u00e9sillement des Bougies d\u2019oreille vous rendait plus l\u00e9ger, serein, apais\u00e9\u2026<\/p>\n\n\t\t<\/div>\n\t<\/div>\n<\/div><\/div><\/div><div class=\"wpb_column vc_column_container vc_col-sm-2\"><div class=\"vc_column-inner\"><div class=\"wpb_wrapper\">\n\t<div class=\"wpb_text_column wpb_content_element\" >\n\t\t<div class=\"wpb_wrapper\">\n\t\t\t<p><img loading=\"lazy\" decoding=\"async\" class=\"aligncenter wp-image-32834\" src=\"https:\/\/www.thenomadmasseur.com\/wp-content\/uploads\/2023\/03\/Soin-des-oreilles-300x300.png\" alt=\"\" width=\"200\" height=\"200\" srcset=\"https:\/\/www.thenomadmasseur.com\/wp-content\/uploads\/2023\/03\/Soin-des-oreilles-300x300.png 300w, https:\/\/www.thenomadmasseur.com\/wp-content\/uploads\/2023\/03\/Soin-des-oreilles-150x150.png 150w, https:\/\/www.thenomadmasseur.com\/wp-content\/uploads\/2023\/03\/Soin-des-oreilles.png 600w, https:\/\/www.thenomadmasseur.com\/wp-content\/uploads\/2023\/03\/Soin-des-oreilles-100x100.png 100w\" sizes=\"auto, (max-width: 200px) 100vw, 200px\" \/><\/p>\n\n\t\t<\/div>\n\t<\/div>\n<\/div><\/div><\/div><\/div>\n\t<div class=\"wpb_text_column wpb_content_element\" >\n\t\t<div class=\"wpb_wrapper\">\n\t\t\t<p class=\"p1\" style=\"text-align: justify;\">Elles sont surtout utilis\u00e9es en pr\u00e9vention d\u2019otites, rhinites et autres maux hivernaux plut\u00f4t qu\u2019en mode curatif.<\/p>\n<p class=\"p1\" style=\"text-align: justify;\">Si vous souffrez d\u2019un l\u00e9ger rhume, vous aurez la t\u00eate moins lourde en fin de s\u00e9anve et vos sinus seront d\u00e9gag\u00e9s. L\u2019effet de la chaleur permettra de booster la circulation sanguine. Elles permettent ainsi \u00e0 l\u2019\u00e9nergie de mieux circuler dans cette zone, souvent congestionn\u00e9e l\u2019hiver.<\/p>\n<p class=\"p2\" style=\"text-align: justify;\">Une s\u00e9ance vous procure une profonde d\u00e9tente allant parfois jusqu\u2019\u00e0 l\u2019endormissement.<\/p>\n<h4 class=\"p4\" style=\"text-align: justify;\"><b>COMMENT \u00c7A MARCHE?<\/b><\/h4>\n<p class=\"p1\" style=\"text-align: justify;\">Ce soin consiste \u00e0 am\u00e9liorer le syst\u00e8me \u00e9nerg\u00e9tique du corps. Lors de la combustion, la bougie cr\u00e9e un effet chemin\u00e9e ce qui am\u00e9liore le flux d\u2019\u00e9nergie et stimule le syst\u00e8me lymphatique local. Ces chandelles auriculaires d\u00e9gagent une vapeur chaude de microparticules de cire d\u2019abeille qui ramollit le c\u00e9rumen, active les s\u00e9cr\u00e9tions et facilite l\u2019extraction des particules hors de l\u2019oreille. Celles-ci se fixent dans la partie inf\u00e9rieure du manchon de la bougie.<\/p>\n<p class=\"p1\" style=\"text-align: justify;\">Cette m\u00e9thode contribue parfois au d\u00e9blocage r\u00e9nale et solutionne des probl\u00e8mes d\u2019acouph\u00e8nes, de sinusite, d\u2019encombrement ORL en g\u00e9n\u00e9ral. Elle lib\u00e8re la t\u00eate des tensions, r\u00e9tablit l\u2019\u00e9quilibre g\u00e9n\u00e9ral, le cerveau (gauche et droit) est alors harmonis\u00e9.<\/p>\n<h5 class=\"p4\" style=\"text-align: justify;\"><b>CONTRE-INDICATIONS PARTICULI\u00c8RES LI\u00c9ES AU SOIN DES OREILLES \u00c0 LA BOUGIE HOPI<\/b><\/h5>\n<p class=\"p2\" style=\"text-align: justify;\">Ne pas effectuer ce soin en cas d\u2019otite.<\/p>\n\n\t\t<\/div>\n\t<\/div>\n<\/div><\/div><div class=\"vc_tta-panel\" id=\"1677253762554-63acc5ab-6108\" data-vc-content=\".vc_tta-panel-body\"><div class=\"vc_tta-panel-heading\"><h4 class=\"vc_tta-panel-title\"><a href=\"#1677253762554-63acc5ab-6108\" data-vc-accordion data-vc-container=\".vc_tta-container\"><span class=\"vc_tta-title-text\">PICTURES &amp; VIDEOS<\/span><\/a><\/h4><\/div><div class=\"vc_tta-panel-body\"><\/div><\/div><div class=\"vc_tta-panel\" id=\"1677253818880-919a3078-d22a\" data-vc-content=\".vc_tta-panel-body\"><div class=\"vc_tta-panel-heading\"><h4 class=\"vc_tta-panel-title\"><a href=\"#1677253818880-919a3078-d22a\" data-vc-accordion data-vc-container=\".vc_tta-container\"><span class=\"vc_tta-title-text\">REVIEWS<\/span><\/a><\/h4><\/div><div class=\"vc_tta-panel-body\"><div class=\"vc_row wpb_row vc_inner vc_row-fluid\"><div class=\"wpb_column vc_column_container vc_col-sm-4\"><div class=\"vc_column-inner\"><div class=\"wpb_wrapper\">\n\t<div class=\"wpb_text_column wpb_content_element\" >\n\t\t<div class=\"wpb_wrapper\">\n\t\t\t <span id=\"state\"><\/span> \t\t<form action=\"\" method=\"post\" enctype=\"multipart\/form-data\" class=\"rr_review_form\" id=\"fprr_review_form\" data-trp-original-action=\"\">\n            <input type=\"hidden\" id=\"_wpnonce\" name=\"_wpnonce\" value=\"56e411950d\" \/><input type=\"hidden\" name=\"_wp_http_referer\" value=\"\/en\/wp-json\/wp\/v2\/pages\/32279\" \/>\t\t\t<input type=\"hidden\" name=\"rRating\" id=\"rRating\" value=\"0\" \/>\n\t\t\t<table class=\"form_table\">\n\t\t\t\n\t<tr class=\"rr_form_row\">\n\t\t<td class=\"rr_form_heading rr_required\" >\n\t\t\tName\t\t<\/td>\n\t\t<td class=\"rr_form_input\">\n\t\t\t<span class=\"form-err\"><\/span>\t\t\t<input class=\"rr_small_input\" type=\"text\" name=\"rName\" value=\"\" \/>\n\t\t<\/td>\n\t<\/tr>\n\t<tr class=\"rr_form_row\">\n\t\t<td class=\"rr_form_heading rr_required\" >\n\t\t\tEmail\t\t<\/td>\n\t\t<td class=\"rr_form_input\">\n\t\t\t<span class=\"form-err\"><\/span>\t\t\t<input class=\"rr_small_input\" type=\"text\" name=\"rEmail\" value=\"\" \/>\n\t\t<\/td>\n\t<\/tr>\n<tr class=\"rr_form_row\">\n\t<td class=\"rr_form_heading rr_required\">Rating<\/td>\n\t<td class=\"rr_form_input\">\n\t\t<span class=\"form-err\"><\/span>\t\t<div class=\"rr_stars_container\">\n\t\t\t<span class=\"rr_star glyphicon glyphicon-star-empty\" id=\"rr_star_1\"><\/span>\n\t\t\t<span class=\"rr_star glyphicon glyphicon-star-empty\" id=\"rr_star_2\"><\/span>\n\t\t\t<span class=\"rr_star glyphicon glyphicon-star-empty\" id=\"rr_star_3\"><\/span>\n\t\t\t<span class=\"rr_star glyphicon glyphicon-star-empty\" id=\"rr_star_4\"><\/span>\n\t\t\t<span class=\"rr_star glyphicon glyphicon-star-empty\" id=\"rr_star_5\"><\/span>\n\t\t<\/div>\n\t<\/td>\n<\/tr>\t<tr class=\"rr_form_row\">\n\t\t<td class=\"rr_form_heading rr_required\">\n\t\t\tReview Content\t\t<\/td>\n\t\t<td class=\"rr_form_input\">\n\t\t\t<span class=\"form-err\"><\/span>\t\t\t<textarea class=\"rr_large_input\" name=\"rText\" rows=\"10\"><\/textarea>\n\t\t<\/td>\n\t<\/tr>                <tr class=\"rr_form_row rr-honeydo\">\n                    <td>\n                        <label class=\"rr-honeydo\" for=\"org\"><\/label>\n                    <\/td>\n                    <td>\n                        <input class=\"rr-honeydo\" autocomplete=\"off\" type=\"text\" id=\"org\" name=\"org\" placeholder=\"Your Organization\">\n                    <\/td>\n                <\/tr>\n\t\t\t\t<tr class=\"rr_form_row\">\n\t\t\t\t\t<td><\/td>\n\t\t\t\t\t<td class=\"rr_form_input\"><input id=\"submitReview\" name=\"submitButton\" type=\"submit\" value=\"Submit\"\/><\/td>\n\t\t\t\t<\/tr>\n\t\t\t<\/table>\n\t\t<input type=\"hidden\" name=\"trp-form-language\" value=\"en\"\/><\/form>\n\t\n\n\t\t<\/div>\n\t<\/div>\n<\/div><\/div><\/div><div class=\"wpb_column vc_column_container vc_col-sm-8\"><div class=\"vc_column-inner\"><div class=\"wpb_wrapper\">\n\t<div class=\"wpb_text_column wpb_content_element\" >\n\t\t<div class=\"wpb_wrapper\">\n\t\t\t\t<style>\n\t\t.stars, .rr_star {\n\t\t\tcolor: #ffaf00;\n\t\t}\n\t<\/style>\n\t\n\n\t\t<\/div>\n\t<\/div>\n<\/div><\/div><\/div><\/div><\/div><\/div><div class=\"vc_tta-panel\" id=\"1677253811129-63f42346-725c\" data-vc-content=\".vc_tta-panel-body\"><div class=\"vc_tta-panel-heading\"><h4 class=\"vc_tta-panel-title\"><a href=\"#1677253811129-63f42346-725c\" data-vc-accordion data-vc-container=\".vc_tta-container\"><span class=\"vc_tta-title-text\">BUY GIFT CARDS<\/span><\/a><\/h4><\/div><div class=\"vc_tta-panel-body\"><div class=\"basel-products-element\"><div class=\"products elements-grid row basel-products-holder  pagination- grid-columns-6\" data-paged=\"1\" data-source=\"shortcode\" data-atts=\"{&quot;post_type&quot;:&quot;ids&quot;,&quot;query_post_type&quot;:&quot;product&quot;,&quot;layout&quot;:&quot;grid&quot;,&quot;include&quot;:&quot;32674&quot;,&quot;custom_query&quot;:&quot;&quot;,&quot;taxonomies&quot;:&quot;&quot;,&quot;pagination&quot;:&quot;&quot;,&quot;items_per_page&quot;:&quot;12&quot;,&quot;product_hover&quot;:&quot;link&quot;,&quot;columns&quot;:&quot;6&quot;,&quot;sale_countdown&quot;:0,&quot;offset&quot;:&quot;&quot;,&quot;orderby&quot;:&quot;date&quot;,&quot;query_type&quot;:&quot;OR&quot;,&quot;order&quot;:&quot;DESC&quot;,&quot;meta_key&quot;:&quot;&quot;,&quot;exclude&quot;:&quot;&quot;,&quot;class&quot;:&quot;&quot;,&quot;ajax_page&quot;:&quot;&quot;,&quot;speed&quot;:&quot;5000&quot;,&quot;slides_per_view&quot;:&quot;1&quot;,&quot;slides_per_view_tablet&quot;:&quot;auto&quot;,&quot;slides_per_view_mobile&quot;:&quot;auto&quot;,&quot;wrap&quot;:&quot;&quot;,&quot;autoplay&quot;:&quot;no&quot;,&quot;hide_pagination_control&quot;:&quot;&quot;,&quot;hide_prev_next_buttons&quot;:&quot;&quot;,&quot;scroll_per_page&quot;:&quot;yes&quot;,&quot;carousel_js_inline&quot;:&quot;no&quot;,&quot;img_size&quot;:&quot;woocommerce_thumbnail&quot;,&quot;force_not_ajax&quot;:&quot;no&quot;,&quot;center_mode&quot;:&quot;no&quot;,&quot;scroll_carousel_init&quot;:&quot;no&quot;,&quot;hide_out_of_stock&quot;:&quot;no&quot;,&quot;products_masonry&quot;:&quot;&quot;,&quot;products_different_sizes&quot;:&quot;0&quot;}\">\t<div class=\"product-grid-item basel-hover-link product  col-md-2 col-sm-4 col-xs-6 first  type-product post-32674 status-publish first outofstock product_cat-soins-du-corprs product_cat-all product_tag-soin-des-oreilles has-post-thumbnail virtual purchasable product-type-simple\" data-loop=\"1\" data-id=\"32674\">\n\n\t\t<div class=\"product-element-top\">\n\t<a href=\"https:\/\/www.thenomadmasseur.com\/en\/product\/soin-des-oreilles-30m\/\">\n\t\t<img loading=\"lazy\" decoding=\"async\" width=\"600\" height=\"600\" src=\"https:\/\/www.thenomadmasseur.com\/wp-content\/uploads\/2023\/03\/Carte-Cadeau-Soin-des-oreilles-600x600.png\" class=\"attachment-woocommerce_thumbnail size-woocommerce_thumbnail\" alt=\"\" srcset=\"https:\/\/www.thenomadmasseur.com\/wp-content\/uploads\/2023\/03\/Carte-Cadeau-Soin-des-oreilles.png 600w, https:\/\/www.thenomadmasseur.com\/wp-content\/uploads\/2023\/03\/Carte-Cadeau-Soin-des-oreilles-300x300.png 300w, https:\/\/www.thenomadmasseur.com\/wp-content\/uploads\/2023\/03\/Carte-Cadeau-Soin-des-oreilles-150x150.png 150w, https:\/\/www.thenomadmasseur.com\/wp-content\/uploads\/2023\/03\/Carte-Cadeau-Soin-des-oreilles-100x100.png 100w\" sizes=\"auto, (max-width: 600px) 100vw, 600px\" \/>\t<\/a>\n\t\t<div class=\"basel-buttons\">\n\t\t\t\t\t<div class=\"basel-wishlist-btn\">\n\t\t\t\t<a class=\"button basel-tooltip\" rel=\"nofollow\" href=\"https:\/\/www.thenomadmasseur.com\/en\/home\/wishlist\/\" data-key=\"b09ae62c05\" data-product-id=\"32674\" data-added-text=\"Browse Wishlist\">Add to wishlist<\/a>\n\t\t\t<\/div>\n\t\t\t\t\t\t\t\t\t<div class=\"quick-view\">\n\t\t\t\t<a \n\t\t\t\t\thref=\"https:\/\/www.thenomadmasseur.com\/en\/product\/soin-des-oreilles-30m\/\" \n\t\t\t\t\tclass=\"open-quick-view quick-view-button\"\n\t\t\t\t\trel=\"nofollow\"\n\t\t\t\t\tdata-id=\"32674\">Quick View<\/a>\n\t\t\t<\/div>\n\t\t\t<\/div>\n<\/div>\n<h3 class=\"product-title\"><a href=\"https:\/\/www.thenomadmasseur.com\/en\/product\/soin-des-oreilles-30m\/\">Soin des oreilles | 30m<\/a><\/h3>\n\n<div class=\"wrapp-swap\">\n\t<div class=\"swap-elements\">\n\t\t\n\t<span class=\"price\"><span class=\"woocommerce-Price-amount amount\"><bdi>30.00<span class=\"woocommerce-Price-currencySymbol\">&euro;<\/span><\/bdi><\/span><\/span>\n\t\t<div class=\"btn-add\">\n\t\t\t<a href=\"https:\/\/www.thenomadmasseur.com\/en\/product\/soin-des-oreilles-30m\/\" data-quantity=\"1\" class=\"button product_type_simple\" data-product_id=\"32674\" data-product_sku=\"\" aria-label=\"Read more about \u201cSoin des oreilles | 30m\u201d\" aria-describedby=\"\" rel=\"nofollow\" data-no-translation=\"\" data-trp-gettext=\"\" data-no-translation-aria-label=\"\">Read more<\/a>\t\t<\/div>\n\t<\/div>\n<\/div>\n\n\n\n\t<\/div>\n<\/div><\/div><\/div><\/div><\/div><\/div><\/div><\/div><\/div><\/div><\/div><\/div>\n<\/section>","protected":false},"excerpt":{"rendered":"","protected":false},"author":1,"featured_media":0,"parent":32158,"menu_order":0,"comment_status":"closed","ping_status":"closed","template":"","meta":{"_exactmetrics_skip_tracking":false,"_exactmetrics_sitenote_active":false,"_exactmetrics_sitenote_note":"","_exactmetrics_sitenote_category":0,"footnotes":""},"class_list":["post-32279","page","type-page","status-publish","hentry"],"_links":{"self":[{"href":"https:\/\/www.thenomadmasseur.com\/en\/wp-json\/wp\/v2\/pages\/32279","targetHints":{"allow":["GET"]}}],"collection":[{"href":"https:\/\/www.thenomadmasseur.com\/en\/wp-json\/wp\/v2\/pages"}],"about":[{"href":"https:\/\/www.thenomadmasseur.com\/en\/wp-json\/wp\/v2\/types\/page"}],"author":[{"embeddable":true,"href":"https:\/\/www.thenomadmasseur.com\/en\/wp-json\/wp\/v2\/users\/1"}],"replies":[{"embeddable":true,"href":"https:\/\/www.thenomadmasseur.com\/en\/wp-json\/wp\/v2\/comments?post=32279"}],"version-history":[{"count":12,"href":"https:\/\/www.thenomadmasseur.com\/en\/wp-json\/wp\/v2\/pages\/32279\/revisions"}],"predecessor-version":[{"id":32878,"href":"https:\/\/www.thenomadmasseur.com\/en\/wp-json\/wp\/v2\/pages\/32279\/revisions\/32878"}],"up":[{"embeddable":true,"href":"https:\/\/www.thenomadmasseur.com\/en\/wp-json\/wp\/v2\/pages\/32158"}],"wp:attachment":[{"href":"https:\/\/www.thenomadmasseur.com\/en\/wp-json\/wp\/v2\/media?parent=32279"}],"curies":[{"name":"wp","href":"https:\/\/api.w.org\/{rel}","templated":true}]}}