{"id":32165,"date":"2023-02-22T00:01:42","date_gmt":"2023-02-21T23:01:42","guid":{"rendered":"https:\/\/www.thenomadmasseur.com\/?page_id=32165"},"modified":"2023-02-26T11:49:38","modified_gmt":"2023-02-26T10:49:38","slug":"massage-balinais","status":"publish","type":"page","link":"https:\/\/www.thenomadmasseur.com\/en\/home\/carte-des-soins\/les-massages\/massage-balinais\/","title":{"rendered":"Balenese Massage"},"content":{"rendered":"<section class=\"wpb-content-wrapper\"><div class=\"vc_row wpb_row vc_row-fluid\"><div class=\"wpb_column vc_column_container vc_col-sm-12\"><div class=\"vc_column-inner\"><div class=\"wpb_wrapper\"><div class=\"title-wrapper  basel-title-color-default basel-title-style-bordered basel-title-size-default text-center\"><div class=\"liner-continer\"> <span class=\"left-line\"><\/span> <h4 class=\"title\" >MASSAGE BALINAIS<span class=\"title-separator\"><span><\/span><\/span><\/h4> <span class=\"right-line\"><\/span> <\/div><\/div><div class=\"vc_separator wpb_content_element vc_separator_align_center vc_sep_width_100 vc_sep_pos_align_center vc_separator_no_text vc_sep_color_white\" ><span class=\"vc_sep_holder vc_sep_holder_l\"><span class=\"vc_sep_line\"><\/span><\/span><span class=\"vc_sep_holder vc_sep_holder_r\"><span class=\"vc_sep_line\"><\/span><\/span>\n<\/div><\/div><\/div><\/div><\/div><div class=\"vc_row wpb_row vc_row-fluid\"><div class=\"wpb_column vc_column_container vc_col-sm-12\"><div class=\"vc_column-inner\"><div class=\"wpb_wrapper\"><div class=\"vc_tta-container\" data-vc-action=\"collapse\"><div class=\"vc_general vc_tta vc_tta-tabs vc_tta-color-white vc_tta-style-classic vc_tta-shape-rounded vc_tta-spacing-1 vc_tta-o-no-fill vc_tta-tabs-position-top vc_tta-controls-align-center\"><div class=\"vc_tta-tabs-container\"><ul class=\"vc_tta-tabs-list\"><li class=\"vc_tta-tab vc_active\" data-vc-tab><a href=\"#1677020232371-10437b22-1267\" data-vc-tabs data-vc-container=\".vc_tta\"><span class=\"vc_tta-title-text\">WHAT IS IT?<\/span><\/a><\/li><li class=\"vc_tta-tab\" data-vc-tab><a href=\"#1677020232381-943ee1a0-78bb\" data-vc-tabs data-vc-container=\".vc_tta\"><span class=\"vc_tta-title-text\">CONTRAINDICATIONS<\/span><\/a><\/li><li class=\"vc_tta-tab\" data-vc-tab><a href=\"#1677020331355-3ebf6b76-3891\" data-vc-tabs data-vc-container=\".vc_tta\"><span class=\"vc_tta-title-text\">PICTURES &amp; VIDEOS<\/span><\/a><\/li><li class=\"vc_tta-tab\" data-vc-tab><a href=\"#1677020349242-e08290bd-6107\" data-vc-tabs data-vc-container=\".vc_tta\"><span class=\"vc_tta-title-text\">REVIEWS<\/span><\/a><\/li><li class=\"vc_tta-tab\" data-vc-tab><a href=\"#1677020358075-0164db11-f2a5\" data-vc-tabs data-vc-container=\".vc_tta\"><span class=\"vc_tta-title-text\">BUY GIFT CARDS<\/span><\/a><\/li><\/ul><\/div><div class=\"vc_tta-panels-container\"><div class=\"vc_tta-panels\"><div class=\"vc_tta-panel vc_active\" id=\"1677020232371-10437b22-1267\" data-vc-content=\".vc_tta-panel-body\"><div class=\"vc_tta-panel-heading\"><h4 class=\"vc_tta-panel-title\"><a href=\"#1677020232371-10437b22-1267\" data-vc-accordion data-vc-container=\".vc_tta-container\"><span class=\"vc_tta-title-text\">WHAT IS IT?<\/span><\/a><\/h4><\/div><div class=\"vc_tta-panel-body\"><div class=\"vc_row wpb_row vc_inner vc_row-fluid\"><div class=\"wpb_column vc_column_container vc_col-sm-9\"><div class=\"vc_column-inner vc_custom_1677368859062\"><div class=\"wpb_wrapper\"><div class=\"vc_separator wpb_content_element vc_separator_align_center vc_sep_width_100 vc_sep_pos_align_center vc_separator_no_text vc_sep_color_white\" ><span class=\"vc_sep_holder vc_sep_holder_l\"><span class=\"vc_sep_line\"><\/span><\/span><span class=\"vc_sep_holder vc_sep_holder_r\"><span class=\"vc_sep_line\"><\/span><\/span>\n<\/div>\n\t<div class=\"wpb_text_column wpb_content_element\" >\n\t\t<div class=\"wpb_wrapper\">\n\t\t\t<p class=\"p2\" style=\"text-align: justify;\">L\u2019Indon\u00e9sie, comme tous les pays d\u2019Asie a une longue tradition de massage. Le\u00a0<b>massage Balinais<\/b>\u00a0est une pratique ancestrale issue de Bali en Indon\u00e9sie qui combinent diff\u00e9rentes techniques des massages indien, chinois, indon\u00e9sien et principalement ayurv\u00e9dique\u2026<\/p>\n<p class=\"p2\" style=\"text-align: justify;\">Le <b>massage Balinais<\/b>\u00a0est un massage qui d\u00e9bute par un bain de pieds et se poursuit par un massage complet du corps, des pieds au cuir chevelu et jusqu\u2019au bout des doigts. doux et tonique \u00e0 la fois. Une partie assise \u201d de r\u00e9veil\u201d cl\u00f4t la s\u00e9ance de massage balinais.<\/p>\n<p>Le <b>massage Balinais\u00a0<\/b>est un massage qui m\u00e9lange fabuleusement la puissance et la douceur, les rytmes lents et rapides. Le <strong>massage Balinais<\/strong> combine harmonieusement de longs effleurages mais aussi des p\u00e9trissages, d\u2019excellentes touches de digitopuncture, des palp\u00e9-roul\u00e9 et des percussions\u2026 et encore d\u2019enveloppants effleurages !<\/p>\n<p class=\"p3\" style=\"text-align: justify;\">C\u2019est un magnifique voyage au pays des sens et du bien-\u00eatre.<\/p>\n\n\t\t<\/div>\n\t<\/div>\n<\/div><\/div><\/div><div class=\"wpb_column vc_column_container vc_col-sm-3\"><div class=\"vc_column-inner\"><div class=\"wpb_wrapper\">\n\t<div class=\"wpb_text_column wpb_content_element\" >\n\t\t<div class=\"wpb_wrapper\">\n\t\t\t<p><img loading=\"lazy\" decoding=\"async\" class=\"aligncenter wp-image-32595\" src=\"https:\/\/www.thenomadmasseur.com\/wp-content\/uploads\/2023\/02\/BALI-300x300.png\" alt=\"\" width=\"280\" height=\"280\" \/><\/p>\n\n\t\t<\/div>\n\t<\/div>\n<\/div><\/div><\/div><\/div><\/div><\/div><div class=\"vc_tta-panel\" id=\"1677020232381-943ee1a0-78bb\" data-vc-content=\".vc_tta-panel-body\"><div class=\"vc_tta-panel-heading\"><h4 class=\"vc_tta-panel-title\"><a href=\"#1677020232381-943ee1a0-78bb\" data-vc-accordion data-vc-container=\".vc_tta-container\"><span class=\"vc_tta-title-text\">CONTRAINDICATIONS<\/span><\/a><\/h4><\/div><div class=\"vc_tta-panel-body\">\n\t<div class=\"wpb_text_column wpb_content_element\" >\n\t\t<div class=\"wpb_wrapper\">\n\t\t\t<p class=\"p1\" style=\"text-align: justify;\">Souvent, on associe aux massages leurs multiples vertus \u2013 am\u00e9lioration du bien-\u00eatre, de la sant\u00e9, diminution des tensions et du stress, etc. \u2013 mais le massage n\u2019en reste pas moins anodin, il est primordial de conna\u00eetre ses contre-indications, qui peuvent avoir des effets contraires, voire n\u00e9fastes car il implique une gestuelle pr\u00e9cise, physiologiquement le massage travaille sur la peau, les muscle et la circulation sanguine et lymphatique.<\/p>\n<h5 class=\"p3\" style=\"text-align: justify;\"><b>Qu\u2019est-ce qu\u2019une contre-indication?<\/b><\/h5>\n<p class=\"p4\" style=\"text-align: justify;\">Une contre indication est une condition de sant\u00e9, une pathologie ou un malaise pr\u00e9sent chez un individu et pour lequel il n\u2019est pas recommand\u00e9 de recevoir un massage.\u00a0 Dans certains cas, le massage sera \u00e0 \u00e9viter compl\u00e8tement (contre-indication totale ou absolue) alors que pour d\u2019autres cas, on \u00e9vitera de masser certaines r\u00e9gions du corps en lien avec le malaise ou la condition de sant\u00e9 particuli\u00e8re, ou, tout simplement, on s\u2019adaptera \u00e0 la condition (contre-indication locale ou relative) du receveur.<\/p>\n<h5 class=\"p5\" style=\"text-align: justify;\"><b>CONTRE-INDICATIONS ABSOLUES:<\/b><span class=\"s1\"><b>\u00a0<\/b><\/span><\/h5>\n<p class=\"p6\" style=\"text-align: justify;\">Le massage est absolument contre-indiqu\u00e9 en cas de\/d\u2019:<\/p>\n<ul style=\"text-align: justify;\">\n<li class=\"p7\"><b>H\u00e9mophilie:<\/b>\u00a0Les gens h\u00e9mophiles, ne poss\u00e8dent pas ou peu de plaquettes qui permettent la coagulation du sang lors de blessure. Puisque le massage peut, \u00e0 l\u2019occasion, causer de micro blessures musculaires (lors des p\u00e9trissages par exemple) il est contre-indiqu\u00e9 de faire un massage. M\u00eame le drainage lymphatique qui est pourtant un massage l\u00e9ger, qui favorise le mouvement de la lymphe, peut provoquer des h\u00e9morragies.<\/li>\n<li class=\"p7\"><b>Phl\u00e9bite :\u00a0<\/b>La phl\u00e9bite est une inflammation d\u2019une veine (habituellement au niveau des jambes). Le massage peut d\u00e9loger un caillot sanguin log\u00e9 dans la veine affect\u00e9e qui, pourrait alors se loger ailleurs dans l\u2019organisme (poumon, cerveaux).\u00a0 En cas de phl\u00e9bite, aucun massage, m\u00eame des zones non affect\u00e9es ne doit \u00eatre fait.<\/li>\n<li class=\"p7\"><b>Fi\u00e8vre:\u00a0<\/b>La fi\u00e8vre indique que l\u2019organisme combat une infection. Il est important de laisser le corps faire son travail. Le massage peut provoquer une augmentation de la temp\u00e9rature du corps, ce qui n\u2019est pas \u00e0 conseiller puisque la temp\u00e9rature du corps est d\u00e9j\u00e0 trop \u00e9lev\u00e9e. De plus, le massage pourrait favoriser le d\u00e9placement de l\u2019infection dans une autre zone du corps.<\/li>\n<li class=\"p7\"><b>Affection cutan\u00e9e:\u00a0<\/b>Pour les affections contagieuses, le massage est contre-indiqu\u00e9 afin d\u2019\u00e9viter de propager la maladie.<\/li>\n<li class=\"p7\"><b><i>Cancer\/Tumeur:\u00a0<\/i><\/b>Chaque cancer \u00e9tant diff\u00e9rent, il est sugg\u00e9r\u00e9 de demander pr\u00e9alablement l\u2019accord du m\u00e9decin traitant.\u00a0 Dans certains cas, le massage peut \u00eatre une contre-indication totale alors que dans d\u2019autres cas il peut ne pas l\u2019\u00eatre. C\u2019est pourquoi, si vous \u00eates atteint d\u2019un cancer, il est important en plus d\u2019obtenir un avis m\u00e9dical.<\/li>\n<li class=\"p7\"><b>Probl\u00e8me cardiaque (art\u00e9rioscl\u00e9rose, hypertension, etc<\/b>\u00a0car il influe sur la pression art\u00e9rielle et sur le rythme cardiaque.<\/li>\n<li class=\"p7\"><b>Inflammation (de la peau ou des articulations)<\/b>\n<ul>\n<li class=\"p10\">dermatoses ou \u00e9ruptions cutan\u00e9es<\/li>\n<li class=\"p10\">ecchymoses<\/li>\n<li class=\"p10\">entorses<\/li>\n<li class=\"p10\">d\u00e9chirures musculaires ou ligamentaires<\/li>\n<li class=\"p10\">fractures tisseuses<\/li>\n<li class=\"p10\">br\u00fblures<\/li>\n<\/ul>\n<\/li>\n<\/ul>\n<h5 class=\"p5\" style=\"text-align: justify;\"><b>CONTRE-INDICATIONS LOCALES:<\/b><\/h5>\n<p class=\"p4\" style=\"text-align: justify;\">Outre, les cas de force majeurs cit\u00e9s ci-dessus, il existe \u00e9galement plusieurs conditions m\u00e9dicales temporaires pour lesquelles une manipulation physique des membres peut entra\u00eener une aggravation de l\u2019\u00e9tat de sant\u00e9 du patient, voire m\u00eame cr\u00e9er de nouvelles l\u00e9sions.<\/p>\n<ul style=\"text-align: justify;\">\n<li class=\"p7\"><b>Diab\u00e8te:\u00a0<\/b>Souvent les gens soufrant de diab\u00e8te \u00e9prouvent des probl\u00e8mes circulatoire au niveau des extr\u00e9mit\u00e9s c\u2019est pourquoi il est imp\u00e9ratif de ne pas toucher aux jambes pendant le massage<\/li>\n<li class=\"p7\"><b>Varice:<\/b>\u00a0Les varices sont des veines endommag\u00e9es dans lesquelles le sang circule mal qui peuvent entra\u00eener des ulc\u00e8res ou des caillots sanguin. C\u2019est pourquoi, les zones touch\u00e9s ne doivent pas \u00eatre mass\u00e9s.<\/li>\n<\/ul>\n<h5 class=\"p5\" style=\"text-align: justify;\"><b>GROSSESSE<\/b><\/h5>\n<p class=\"p1\" style=\"text-align: justify;\">Il n\u2019est pas totalement contre-indiqu\u00e9 de recevoir un massage lorsqu\u2019on est enceinte, toutefois il faudra que le massage soit adapt\u00e9.<\/p>\n<p class=\"p1\" style=\"text-align: justify;\">Plus sp\u00e9cifiquement, il est\u00a0<b>totalement proscrit<\/b>\u00a0de masser\u00a0<b>durant le premier trimestre<\/b>\u00a0et en\u00a0<b>fin de grossesse<\/b>\u00a0jusqu\u2019au\u00a0<b>retour de couche<\/b>.<\/p>\n<p class=\"p1\" style=\"text-align: justify;\">Enfin, la plupart des massages s\u2019effectuent \u00e0 l\u2019aide d\u2019huiles essentielles qui peuvent \u00eatre \u00ab toxiques \u00bb pour les futures m\u00e8res, c\u2019est pour cela que tout massage sur une femme enceinte soit \u00eatre \u00e0 base d\u2019huile neutre.<\/p>\n\n\t\t<\/div>\n\t<\/div>\n<\/div><\/div><div class=\"vc_tta-panel\" id=\"1677020331355-3ebf6b76-3891\" data-vc-content=\".vc_tta-panel-body\"><div class=\"vc_tta-panel-heading\"><h4 class=\"vc_tta-panel-title\"><a href=\"#1677020331355-3ebf6b76-3891\" data-vc-accordion data-vc-container=\".vc_tta-container\"><span class=\"vc_tta-title-text\">PICTURES &amp; VIDEOS<\/span><\/a><\/h4><\/div><div class=\"vc_tta-panel-body\"><\/div><\/div><div class=\"vc_tta-panel\" id=\"1677020349242-e08290bd-6107\" data-vc-content=\".vc_tta-panel-body\"><div class=\"vc_tta-panel-heading\"><h4 class=\"vc_tta-panel-title\"><a href=\"#1677020349242-e08290bd-6107\" data-vc-accordion data-vc-container=\".vc_tta-container\"><span class=\"vc_tta-title-text\">REVIEWS<\/span><\/a><\/h4><\/div><div class=\"vc_tta-panel-body\"><div class=\"vc_row wpb_row vc_inner vc_row-fluid\"><div class=\"wpb_column vc_column_container vc_col-sm-4\"><div class=\"vc_column-inner\"><div class=\"wpb_wrapper\">\n\t<div class=\"wpb_text_column wpb_content_element\" >\n\t\t<div class=\"wpb_wrapper\">\n\t\t\t <span id=\"state\"><\/span> \t\t<form action=\"\" method=\"post\" enctype=\"multipart\/form-data\" class=\"rr_review_form\" id=\"fprr_review_form\" data-trp-original-action=\"\">\n            <input type=\"hidden\" id=\"_wpnonce\" name=\"_wpnonce\" value=\"ed6908fba6\" \/><input type=\"hidden\" name=\"_wp_http_referer\" value=\"\/en\/wp-json\/wp\/v2\/pages\/32165\" \/>\t\t\t<input type=\"hidden\" name=\"rRating\" id=\"rRating\" value=\"0\" \/>\n\t\t\t<table class=\"form_table\">\n\t\t\t\n\t<tr class=\"rr_form_row\">\n\t\t<td class=\"rr_form_heading rr_required\" >\n\t\t\tName\t\t<\/td>\n\t\t<td class=\"rr_form_input\">\n\t\t\t<span class=\"form-err\"><\/span>\t\t\t<input class=\"rr_small_input\" type=\"text\" name=\"rName\" value=\"\" \/>\n\t\t<\/td>\n\t<\/tr>\n\t<tr class=\"rr_form_row\">\n\t\t<td class=\"rr_form_heading rr_required\" >\n\t\t\tEmail\t\t<\/td>\n\t\t<td class=\"rr_form_input\">\n\t\t\t<span class=\"form-err\"><\/span>\t\t\t<input class=\"rr_small_input\" type=\"text\" name=\"rEmail\" value=\"\" \/>\n\t\t<\/td>\n\t<\/tr>\n<tr class=\"rr_form_row\">\n\t<td class=\"rr_form_heading rr_required\">Rating<\/td>\n\t<td class=\"rr_form_input\">\n\t\t<span class=\"form-err\"><\/span>\t\t<div class=\"rr_stars_container\">\n\t\t\t<span class=\"rr_star glyphicon glyphicon-star-empty\" id=\"rr_star_1\"><\/span>\n\t\t\t<span class=\"rr_star glyphicon glyphicon-star-empty\" id=\"rr_star_2\"><\/span>\n\t\t\t<span class=\"rr_star glyphicon glyphicon-star-empty\" id=\"rr_star_3\"><\/span>\n\t\t\t<span class=\"rr_star glyphicon glyphicon-star-empty\" id=\"rr_star_4\"><\/span>\n\t\t\t<span class=\"rr_star glyphicon glyphicon-star-empty\" id=\"rr_star_5\"><\/span>\n\t\t<\/div>\n\t<\/td>\n<\/tr>\t<tr class=\"rr_form_row\">\n\t\t<td class=\"rr_form_heading rr_required\">\n\t\t\tReview Content\t\t<\/td>\n\t\t<td class=\"rr_form_input\">\n\t\t\t<span class=\"form-err\"><\/span>\t\t\t<textarea class=\"rr_large_input\" name=\"rText\" rows=\"10\"><\/textarea>\n\t\t<\/td>\n\t<\/tr>                <tr class=\"rr_form_row rr-honeydo\">\n                    <td>\n                        <label class=\"rr-honeydo\" for=\"org\"><\/label>\n                    <\/td>\n                    <td>\n                        <input class=\"rr-honeydo\" autocomplete=\"off\" type=\"text\" id=\"org\" name=\"org\" placeholder=\"Your Organization\">\n                    <\/td>\n                <\/tr>\n\t\t\t\t<tr class=\"rr_form_row\">\n\t\t\t\t\t<td><\/td>\n\t\t\t\t\t<td class=\"rr_form_input\"><input id=\"submitReview\" name=\"submitButton\" type=\"submit\" value=\"Submit\"\/><\/td>\n\t\t\t\t<\/tr>\n\t\t\t<\/table>\n\t\t<input type=\"hidden\" name=\"trp-form-language\" value=\"en\"\/><\/form>\n\t\n\n\t\t<\/div>\n\t<\/div>\n<\/div><\/div><\/div><div class=\"wpb_column vc_column_container vc_col-sm-8\"><div class=\"vc_column-inner\"><div class=\"wpb_wrapper\">\n\t<div class=\"wpb_text_column wpb_content_element\" >\n\t\t<div class=\"wpb_wrapper\">\n\t\t\t<div class=\"rr_shortcode_option_name\">\t<style>\n\t\t.stars, .rr_star {\n\t\t\tcolor: #ffaf00;\n\t\t}\n\t<\/style>\n\t<\/div>\n\n\t\t<\/div>\n\t<\/div>\n<\/div><\/div><\/div><\/div><\/div><\/div><div class=\"vc_tta-panel\" id=\"1677020358075-0164db11-f2a5\" data-vc-content=\".vc_tta-panel-body\"><div class=\"vc_tta-panel-heading\"><h4 class=\"vc_tta-panel-title\"><a href=\"#1677020358075-0164db11-f2a5\" data-vc-accordion data-vc-container=\".vc_tta-container\"><span class=\"vc_tta-title-text\">BUY GIFT CARDS<\/span><\/a><\/h4><\/div><div class=\"vc_tta-panel-body\"><\/div><\/div><\/div><\/div><\/div><\/div><\/div><\/div><\/div><\/div>\n<\/section>","protected":false},"excerpt":{"rendered":"MASSAGE BALINAIS QU'EST-CE QUE C'EST?CONTRE-INDICATIONSPHOTOS &amp; VID\u00c9OSAVISCARTES CADEAUXQU'EST-CE QUE C'EST? L\u2019Indon\u00e9sie, comme tous les pays d\u2019Asie a une longue tradition","protected":false},"author":1,"featured_media":0,"parent":32156,"menu_order":0,"comment_status":"closed","ping_status":"closed","template":"","meta":{"_exactmetrics_skip_tracking":false,"_exactmetrics_sitenote_active":false,"_exactmetrics_sitenote_note":"","_exactmetrics_sitenote_category":0,"footnotes":""},"class_list":["post-32165","page","type-page","status-publish","hentry"],"_links":{"self":[{"href":"https:\/\/www.thenomadmasseur.com\/en\/wp-json\/wp\/v2\/pages\/32165","targetHints":{"allow":["GET"]}}],"collection":[{"href":"https:\/\/www.thenomadmasseur.com\/en\/wp-json\/wp\/v2\/pages"}],"about":[{"href":"https:\/\/www.thenomadmasseur.com\/en\/wp-json\/wp\/v2\/types\/page"}],"author":[{"embeddable":true,"href":"https:\/\/www.thenomadmasseur.com\/en\/wp-json\/wp\/v2\/users\/1"}],"replies":[{"embeddable":true,"href":"https:\/\/www.thenomadmasseur.com\/en\/wp-json\/wp\/v2\/comments?post=32165"}],"version-history":[{"count":14,"href":"https:\/\/www.thenomadmasseur.com\/en\/wp-json\/wp\/v2\/pages\/32165\/revisions"}],"predecessor-version":[{"id":32596,"href":"https:\/\/www.thenomadmasseur.com\/en\/wp-json\/wp\/v2\/pages\/32165\/revisions\/32596"}],"up":[{"embeddable":true,"href":"https:\/\/www.thenomadmasseur.com\/en\/wp-json\/wp\/v2\/pages\/32156"}],"wp:attachment":[{"href":"https:\/\/www.thenomadmasseur.com\/en\/wp-json\/wp\/v2\/media?parent=32165"}],"curies":[{"name":"wp","href":"https:\/\/api.w.org\/{rel}","templated":true}]}}