{"id":32016,"date":"2023-02-19T20:42:10","date_gmt":"2023-02-19T19:42:10","guid":{"rendered":"https:\/\/www.thenomadmasseur.com\/?page_id=32016"},"modified":"2024-04-20T12:16:29","modified_gmt":"2024-04-20T10:16:29","slug":"reservation","status":"publish","type":"page","link":"https:\/\/www.thenomadmasseur.com\/en\/home\/reservation\/","title":{"rendered":"BOOK NOW"},"content":{"rendered":"<section class=\"wpb-content-wrapper\"><div class=\"vc_row wpb_row vc_row-fluid\"><div class=\"wpb_column vc_column_container vc_col-sm-12\"><div class=\"vc_column-inner\"><div class=\"wpb_wrapper\"><div class=\"title-wrapper  basel-title-color-default basel-title-style-bordered basel-title-size-default text-center\"><div class=\"liner-continer\"> <span class=\"left-line\"><\/span> <h4 class=\"title\" >BOOK NOW<span class=\"title-separator\"><span><\/span><\/span><\/h4> <span class=\"right-line\"><\/span> <\/div><\/div><div class=\"vc_separator wpb_content_element vc_separator_align_center vc_sep_width_100 vc_sep_pos_align_center vc_separator_no_text vc_sep_color_white\" ><span class=\"vc_sep_holder vc_sep_holder_l\"><span class=\"vc_sep_line\"><\/span><\/span><span class=\"vc_sep_holder vc_sep_holder_r\"><span class=\"vc_sep_line\"><\/span><\/span>\n<\/div><div class=\"vc_separator wpb_content_element vc_separator_align_center vc_sep_width_100 vc_sep_pos_align_center vc_separator_no_text vc_sep_color_white\" ><span class=\"vc_sep_holder vc_sep_holder_l\"><span class=\"vc_sep_line\"><\/span><\/span><span class=\"vc_sep_holder vc_sep_holder_r\"><span class=\"vc_sep_line\"><\/span><\/span>\n<\/div>\n\t<div class=\"wpb_text_column wpb_content_element vc_custom_1713608151237\" >\n\t\t<div class=\"wpb_wrapper\">\n\t\t\t<!--\nPlugin Name: Bookly \u2013 Responsive WordPress Appointment Booking and Scheduling Plugin\nPlugin URI: https:\/\/www.booking-wp-plugin.com\/?utm_source=bookly_admin&utm_medium=plugins_page&utm_campaign=plugins_page\nVersion: 23.2-->\n    <style type=\"text\/css\">\n        :root {\n            --bookly-main-color: #fbbc34 !important;\n        }\n        \/* Color *\/\n        .bookly-form .bookly-form-group > label,\n        .bookly-form .bookly-label-error,\n        .bookly-form .bookly-progress-tracker > .active,\n        .bookly-form .picker__nav--next,\n        .bookly-form .pickadate__nav--prev,\n        .bookly-form .picker__day:hover,\n        .bookly-form .picker__day--selected:hover,\n        .bookly-form .picker--opened .picker__day--selected,\n        .bookly-form .picker__button--clear,\n        .bookly-form .picker__button--today,\n        .bookly-form .bookly-columnizer .bookly-hour span.bookly-waiting-list {\n            color: #fbbc34 !important;\n        }\n\n        \/* Background *\/\n        .bookly-form .bookly-progress-tracker > .active .step,\n        .bookly-form .picker__frame,\n        .bookly-form .bookly-columnizer .bookly-hour:active .bookly-hour-icon span,\n        .bookly-form .bookly-btn,\n        .bookly-form .bookly-btn:active,\n        .bookly-form .bookly-btn:focus,\n        .bookly-form .bookly-btn:hover,\n        .bookly-form .bookly-btn-submit,\n        .bookly-form .bookly-round,\n        .bookly-form .bookly-square,\n        .bookly-form .bookly-pagination > li.active {\n            background-color: #fbbc34 !important;\n        }\n\n        .bookly-form .bookly-triangle {\n            border-bottom-color: #fbbc34 !important;\n        }\n\n        \/* Border *\/\n        .bookly-form input[type=\"text\"].bookly-error,\n        .bookly-form input[type=\"password\"].bookly-error,\n        .bookly-form select.bookly-error,\n        .bookly-form textarea.bookly-error,\n        .bookly-form .bookly-week-days.bookly-error,\n        .bookly-extra-step div.bookly-extras-thumb.bookly-extras-selected {\n            border: 2px solid #fbbc34 !important;\n        }\n\n        \/* Other *\/\n        .bookly-form .picker__header {\n            border-bottom: 1px solid #fbbc34 !important;\n        }\n\n        .bookly-form .picker__nav--next:before {\n            border-left: 6px solid #fbbc34 !important;\n        }\n\n        .bookly-form .picker__nav--prev:before {\n            border-right: 6px solid #fbbc34 !important;\n        }\n\n        .bookly-form .bookly-columnizer .bookly-day, .bookly-form .bookly-schedule-date {\n            background: #fbbc34 !important;\n            border: 1px solid #fbbc34 !important;\n        }\n\n        .bookly-form .bookly-pagination > li.active a {\n            border: 1px solid #fbbc34 !important;\n        }\n\n        .bookly-form .bookly-columnizer .bookly-hour:active {\n            border: 2px solid #fbbc34 !important;\n            color: #fbbc34 !important;\n        }\n\n        .bookly-form .bookly-columnizer .bookly-hour:active .bookly-hour-icon {\n            background: none;\n            border: 2px solid #fbbc34 !important;\n            color: #fbbc34 !important;\n            width: auto;\n            height: auto;\n            padding: 3px;\n            border-radius: 25px;\n            margin-right: 3px;\n        }\n\n        .bookly-form .bookly-columnizer .bookly-hour:active .bookly-hour-icon span {\n            background-color: #fbbc34 !important;\n            width: 8px;\n            height: 8px;\n            border-radius: 10px;\n            display: block;\n        }\n\n        @media (hover) {\n            .bookly-form .bookly-columnizer .bookly-hour:hover {\n                border: 2px solid #fbbc34 !important;\n                color: #fbbc34 !important;\n            }\n\n            .bookly-form .bookly-columnizer .bookly-hour:hover .bookly-hour-icon {\n                background: none;\n                border: 2px solid #fbbc34 !important;\n                color: #fbbc34 !important;\n            }\n\n            .bookly-form .bookly-columnizer .bookly-hour:hover .bookly-hour-icon span {\n                background-color: #fbbc34 !important;\n            }\n        }\n    <\/style>\n\n<div id=\"bookly-form-69e1fa936e142\" class=\"bookly-form\" data-form_id=\"69e1fa936e142\" aria-live=\"polite\">\n    <div style=\"text-align: center\"><img decoding=\"async\" src=\"https:\/\/www.thenomadmasseur.com\/wp-includes\/js\/tinymce\/skins\/lightgray\/img\/loader.gif\" alt=\"Loading...\"\/><\/div>\n<\/div>\n<script type=\"text\/javascript\">\n    (function (win, fn) {\n        var done = false, top = true,\n            doc = win.document,\n            root = doc.documentElement,\n            modern = doc.addEventListener,\n            add = modern ? 'addEventListener' : 'attachEvent',\n            rem = modern ? 'removeEventListener' : 'detachEvent',\n            pre = modern ? '' : 'on',\n            init = function(e) {\n                if (e.type == 'readystatechange') if (doc.readyState != 'complete') return;\n                (e.type == 'load' ? win : doc)[rem](pre + e.type, init, false);\n                if (!done) { done = true; fn.call(win, e.type || e); }\n            },\n            poll = function() {\n                try { root.doScroll('left'); } catch(e) { setTimeout(poll, 50); return; }\n                init('poll');\n            };\n        if (doc.readyState == 'complete') fn.call(win, 'lazy');\n        else {\n            if (!modern) if (root.doScroll) {\n                try { top = !win.frameElement; } catch(e) { }\n                if (top) poll();\n            }\n            doc[add](pre + 'DOMContentLoaded', init, false);\n            doc[add](pre + 'readystatechange', init, false);\n            win[add](pre + 'load', init, false);\n        }\n    })(window, function() {\n        window.bookly( {\"form_id\":\"69e1fa936e142\",\"status\":{\"booking\":\"new\"},\"skip_steps\":{\"service_part1\":0,\"service_part2\":1,\"extras\":1,\"time\":0,\"repeat\":1,\"cart\":0},\"errors\":{\"session_error\":\"Session error.\",\"form_id_error\":\"Form ID error.\",\"cart_item_not_available\":\"\",\"pay_locally_not_available\":\"Pay locally is not available.\",\"invalid_gateway\":\"Invalid gateway.\",\"payment_error\":\"Error.\",\"incorrect_username_password\":\"Incorrect username or password.\"},\"form_attributes\":{\"hide_categories\":false,\"hide_services\":false,\"hide_staff_members\":true,\"show_number_of_persons\":false,\"hide_service_duration\":true,\"hide_locations\":true,\"hide_quantity\":true,\"hide_date\":true,\"hide_week_days\":true,\"hide_time_range\":true},\"use_client_time_zone\":0,\"firstDay\":1,\"date_format\":\"d mmmm yyyy\",\"defaults\":{\"service_id\":0,\"staff_id\":2,\"location_id\":0,\"category_id\":0},\"facebook\":{\"enabled\":0,\"appId\":\"\"}} );\n    });\n<\/script>\n\n\t\t<\/div>\n\t<\/div>\n<div class=\"basel-button-wrapper text-center\"><a href=\"#my_popup\" title=\"\" class=\"btn btn-color-primary btn-style-bordered btn-size-large basel-popup-with-content\">READ TERMS &amp; CONDITIONS RELATED TO BOOKING AND CANCELLATION<\/a><\/div><div id=\"my_popup\" class=\"mfp-with-anim basel-content-popup mfp-hide\" style=\"max-width:800px;\"><div class=\"basel-popup-inner\">\n\t<div class=\"wpb_text_column wpb_content_element\" >\n\t\t<div class=\"wpb_wrapper\">\n\t\t\t<h5 class=\"p1\" style=\"text-align: justify;\"><strong>1. BOOKING TERMS &amp; CONDITIONS<\/strong><\/h5>\n<h5 class=\"p3\" style=\"text-align: justify;\"><b>1.1 BOOKING RULES<\/b><\/h5>\n<h5 class=\"p3\" style=\"text-align: justify;\"><b>1.1.1 Booking<\/b><\/h5>\n<p class=\"p3\" style=\"text-align: justify;\">La prise de rendez-vous peux s\u2019effectuer soit par t\u00e9l\u00e9phone soit en ligne via le syst\u00e8me de r\u00e9servation en ligne pour une prise de rendrez-vous sans carte cadeau.<\/p>\n<p class=\"p3\" style=\"text-align: justify;\">Toutes r\u00e9servations via une carte cadeau, quelque soit sa provenance, devra \u00eatre faite uniquement par t\u00e9l\u00e9phone.<\/p>\n<h5 class=\"p2\" style=\"text-align: justify;\"><b>1.1.2. Upon arrival<\/b><\/h5>\n<p class=\"p3\" style=\"text-align: justify;\">S\u2019il vous pla\u00eet, arrivez \u00e0 votre rendez-vous 5 minutes avant l\u2019heure pr\u00e9vue du rendez-vous. Cela vous permettra de vous changer et de vous pr\u00e9parer pour le massage.<\/p>\n<h5 class=\"p3\" style=\"text-align: justify;\"><b>1.1.3. Delay<\/b><\/h5>\n<p class=\"p3\" style=\"text-align: justify;\">Par courtoisie, merci de The Nomad Masseur le plus rapidement possible de votre retard.<br \/>\nUn retard peut entrainer une diminution de la prestation \u00e9gale \u00e0 la dur\u00e9e dudit retard. Votre rendez-vous sera automatiquement annul\u00e9 au-del\u00e0 de 30 minutes de retard.<\/p>\n<p class=\"p3\" style=\"text-align: justify;\">L\u2019heure pr\u00e9vue et factur\u00e9e en fonction de la politique d\u2019annulation (ci-dessous)<\/p>\n<h5 class=\"p3\" style=\"text-align: justify;\"><b>1.2. CANCELLATION<\/b><\/h5>\n<p class=\"p3\" style=\"text-align: justify;\">The Nomad Masseur comprend que des \u00e9v\u00e9nements impr\u00e9vus peuvent se produire, tels que les retards, les probl\u00e8mes de voiture, les r\u00e9unions d\u2019affaires,\u2026 Autant de raisons pour lesquelles on pourrait envisager d\u2019annuler une s\u00e9ance de massage. The Nomad Masseur vous demande simplement de bien vouloir l\u2019informer le plus rapidement possible de votre incapacit\u00e9 \u00e0 vous pr\u00e9senter au rendez-vous.<\/p>\n<p class=\"p3\" style=\"text-align: justify;\">Aucun remboursement ou report de rendez-vous ne sera effectu\u00e9 pour les cas suivants:<\/p>\n<ul style=\"text-align: justify;\">\n<li class=\"p4\">une annulation re\u00e7ue moins de 48 heures avant le rendez-vous,<\/li>\n<li class=\"p4\">une prestation ou le\/la client(e) sera arriv\u00e9(e) avec plus de 30 minutes de retard,<\/li>\n<li class=\"p4\">le\/la client(e) ne s\u2019est pas pr\u00e9sent\u00e9(e) au rendez-vous.<\/li>\n<\/ul>\n<h5 class=\"p6\" style=\"text-align: justify;\"><b>2. GIFT CARD RULES<\/b><\/h5>\n<p class=\"p4\" style=\"text-align: justify;\">Cette section concerne uniquement les cartes cadeaux vendues sur www.thenomadmasseur.com pour tout autres type de cartes cadeaux veuillez directement consulter les conditions g\u00e9n\u00e9rales d\u2019utilisation du prestataire vendeur.<\/p>\n<h5 class=\"p4\" style=\"text-align: justify;\"><b>2.1 Objet de la Carte cadeau<\/b><\/h5>\n<p class=\"p4\" style=\"text-align: justify;\">La carte cadeau vaut titre de paiement, aucun acompte ne sera demand\u00e9 \u00e0 son b\u00e9n\u00e9ficier lors du rendez- vous.<\/p>\n<h5 class=\"p4\" style=\"text-align: justify;\"><b>2.2 Acceptation des conditions g\u00e9n\u00e9rales d\u2019utilisation<\/b><\/h5>\n<p class=\"p4\" style=\"text-align: justify;\">L\u2019utilisation de la Carte emporte acceptation pleine et enti\u00e8re des pr\u00e9sentes Conditions G\u00e9n\u00e9rales d\u2019Utilisation dont vous reconnaissez avoir pris connaissance. Les Conditions G\u00e9n\u00e9rales d\u2019Utilisation en vigueur sont consultables \u00e0 tout moment sur le site www.thenomadmasseur.com\/conditions-generales-dutilisation<\/p>\n<h5 class=\"p3\" style=\"text-align: justify;\"><b>2.3 R\u00e9tractation<\/b><\/h5>\n<p class=\"p3\" style=\"text-align: justify;\">En cas de commande de carte cadeau sur Internet, vous disposez d\u2019un d\u00e9lai de 14 jours r\u00e9volus \u00e0 compter de la validation de la commande, pour exercer votre droit de r\u00e9tractation sous r\u00e9serve que la Carte n\u2019ait pas \u00e9t\u00e9 utilis\u00e9e. Lorsque ce d\u00e9lai expire un samedi, un dimanche, un jour f\u00e9ri\u00e9 ou ch\u00f4m\u00e9, il est prorog\u00e9 jusqu\u2019au 1er jour ouvrable suivant.<\/p>\n<p class=\"p3\" style=\"text-align: justify;\">Le remboursement sera op\u00e9r\u00e9 dans un d\u00e9lai de 15 jours \u00e0 compter de la date de r\u00e9ception par The Nomad Masseur.<\/p>\n<h5 class=\"p3\" style=\"text-align: justify;\"><b>2.4 Dur\u00e9e de validit\u00e9 de la Carte<\/b><\/h5>\n<p class=\"p3\" style=\"text-align: justify;\">Les pr\u00e9sentes Conditions G\u00e9n\u00e9rales d\u2019Utilisation constituent un contrat entre l\u2019Emetteur et son b\u00e9n\u00e9ficiaire, qui aura la m\u00eame dur\u00e9e que la dur\u00e9e de validit\u00e9 de la Carte qui est de trois (3) mois \u00e0 compter de la date d\u2019achat.<\/p>\n<p class=\"p3\" style=\"text-align: justify;\">La date d\u2019expiration figure sur le recto de la Carte. A l\u2019issue de la p\u00e9riode de validit\u00e9 de la Carte cadeau, celle-ci ne sera pas renouvel\u00e9e, ni \u00e9chang\u00e9e, ni rembours\u00e9e.<\/p>\n<h5 class=\"p3\" style=\"text-align: justify;\"><b>2.5 Utilisation de la Carte cadeau<\/b><\/h5>\n<p class=\"p3\" style=\"text-align: justify;\">La Carte cadeau ne peut \u00eatre utilis\u00e9e par un mineur.<\/p>\n<p class=\"p3\" style=\"text-align: justify;\">La Carte cadeau ne peut \u00eatre utilis\u00e9e qu\u2019une seule fois.<\/p>\n<p class=\"p3\" style=\"text-align: justify;\">La Carte cadeau ne peut \u00eatre utilis\u00e9e que durant sa p\u00e9riode de validit\u00e9, comme instrument de paiement<\/p>\n<p class=\"p3\" style=\"text-align: justify;\">La Carte cadeau ne peut \u00eatre \u00e9chang\u00e9e, ni c\u00e9d\u00e9e, ni revendue, ou faire l\u2019objet d\u2019un escompte et ne peut donner lieu \u00e0 une contrepartie mon\u00e9taire aupr\u00e8s du prestataire ou d\u2019un tiers.<\/p>\n<p class=\"p8\" style=\"text-align: justify;\">La Carte cadeau \u00a0non\u00a0effectu\u00e9s\u00a0avant la date de validit\u00e9 sera\u00a0consid\u00e9r\u00e9 comme utilis\u00e9s. La Carte cadeau sera d\u00e9finitivement perdu et ne pourra faire l\u2019objet d\u2019une demande de remboursement.<\/p>\n<h5 class=\"p10\" style=\"text-align: justify;\"><b><i>ATTENTION!<br \/>\nIl est recommand\u00e9 de prendre rendez-vous minimum 3 semaines avant la fin de validit\u00e9 de la carte cadeau pour s\u2019assurer d\u2019un rendez-vous.<\/i><\/b><\/h5>\n<h5 class=\"p10\" style=\"text-align: justify;\"><b><i>The Nomad Masseur, ne sera en aucun cas responsable si le b\u00e9n\u00e9ficiaire d\u2019une Carte cadeau ne parvient pas \u00e0 trouver un cr\u00e9neau durant la p\u00e9riode de validit\u00e9 ou si l\u2019agenda de The Nomad Masseur ne poss\u00e8de plus de cr\u00e9neau disponible.<\/i><\/b><\/h5>\n<h5 class=\"p10\" style=\"text-align: justify;\"><b><i>La carte cadeau sera perdue et ne pourra en aucun cas faire l\u2019objet d\u2019une demande de remboursement.<\/i><\/b><\/h5>\n<h5 class=\"p3\" style=\"text-align: justify;\"><b>2.6 Remboursement de la carte<\/b><\/h5>\n<h5 style=\"text-align: left;\"><b>2.6.1 Conditions de rembourssement<\/b><\/h5>\n<p class=\"p3\" style=\"text-align: justify;\">Aucun remboursement ne sera effectu\u00e9 pass\u00e9 le d\u00e9lais de r\u00e9tractation pr\u00e9vue \u00e0 l\u2019art 2.3 des pr\u00e9sente Condition G\u00e9n\u00e9rales d\u2019Utilisation.<\/p>\n<h5 class=\"p3\" style=\"text-align: justify;\"><b>2.6.2 Modalit\u00e9s de remboursement<\/b><\/h5>\n<p class=\"p3\" style=\"text-align: justify;\">Toute demande de remboursement de la Carte devra \u00eatre stipul\u00e9e:<\/p>\n<p class=\"p4\" style=\"text-align: justify;\"><span class=\"s1\">\u2013 \u00a0<\/span>par courrier : The Nomad Masseur, 70 Avenue \u00c9tienne Billi\u00e8res, 31300 Toulouse<\/p>\n<p class=\"p4\" style=\"text-align: justify;\"><span class=\"s1\">\u2013 \u00a0<\/span>par email: contact@thenomadmasseur.com<\/p>\n<p class=\"p4\" style=\"text-align: justify;\">En cas de remboursement, ce dernier vous sera adress\u00e9 sous un d\u00e9lai de 15 jours calendaires pour le remboursement par virement<\/p>\n<h5 class=\"p3\" style=\"text-align: justify;\"><b>2.7 Prolongation de la Carte cadeau<\/b><\/h5>\n<p class=\"p3\" style=\"text-align: justify;\">Le\/la b\u00e9n\u00e9ficiaire d\u2019une carte cadeau peut faire une demande de prolongation, une seule fois, pour une dur\u00e9e maximale d\u2019un an, pour certains cas de force majeur, tels que:<\/p>\n<ul class=\"ul1\" style=\"text-align: justify;\">\n<li class=\"li3\">grossesse<\/li>\n<li class=\"li3\">maladies lourdes<\/li>\n<\/ul>\n<p class=\"p3\" style=\"text-align: justify;\">La demande de prolongation devra \u00eatre faite par courriel ou par courrier le plus rapidement possible, dans un d\u00e9lais d\u2019un mois maximum avant la fin de validit\u00e9 de la Carte cadeau. Pass\u00e9 cette date aucune demande de prolongation ne sera accept\u00e9e.<\/p>\n<h5 class=\"p11\" style=\"text-align: justify;\"><b>3. CONTRAINDICATIONS<\/b><\/h5>\n<p class=\"p4\" style=\"text-align: justify;\">The Nomad Masseur d\u00e9cline toute responsabilit\u00e9 en cas contres indications.<\/p>\n<p class=\"p3\" style=\"text-align: justify;\">Les massages ne sont pas recommand\u00e9s en cas de :<\/p>\n<ul style=\"text-align: justify;\">\n<li class=\"p4\">Troubles circulatoires (phl\u00e9bite, varices importantes, inflammations des articulations)<\/li>\n<li class=\"p4\">Troubles cardiaques (art\u00e9rioscl\u00e9rose, hypertension \u2026)<\/li>\n<li class=\"p4\">Plaies r\u00e9centes ou en phase de gu\u00e9rison<\/li>\n<li class=\"p4\">Crises en g\u00e9n\u00e9ral (sciatique, lumbago \u2026)<\/li>\n<li class=\"p4\">Pathologies lourdes (cancer, tumeur \u2026)<\/li>\n<li class=\"p4\">Inflammation aigu\u00eb ou d\u2019ecchymoses, Infection<\/li>\n<li class=\"p4\">Certain type de diab\u00e8te<\/li>\n<li class=\"p4\">Fi\u00e8vre<\/li>\n<li class=\"p4\">Gossesse, et avant le retour de couche.<\/li>\n<\/ul>\n<h5 class=\"p6\" style=\"text-align: justify;\"><b>4. D\u00c9FINITION DES MASSAGES PROPOS\u00c9S<\/b><span class=\"s3\"><br \/>\n<\/span><\/h5>\n<p class=\"p4\" style=\"text-align: justify;\">Les massages qui vous sont prodigu\u00e9s sont uniquement des massages de bien-\u00eatre et de d\u00e9tente. Compte tenu de la loi du 30 avril 1946, et du d\u00e9cret 60 669 du 4 juillet 1960, de l\u2019article 489l et de l\u2019arr\u00eat\u00e9 du 8 octobre 1996, il ne s\u2019agit nullement de massages m\u00e9dicaux ou de kin\u00e9sith\u00e9rapie. Le terme \u201cmassage\u201d est utilis\u00e9 uniquement en traduction des diff\u00e9rentes techniques \u00e9trang\u00e8res en langue fran\u00e7aise. Techniques de bien-\u00eatre id\u00e9ales pour la relaxation physique et la d\u00e9tente, non sexuelles, et lib\u00e9ratrices du stress.<\/p>\n<h5 class=\"p6\" style=\"text-align: justify;\"><span class=\"s3\"><br \/>\n<\/span><b>5. DEONTOLOGY<\/b><\/h5>\n<p class=\"p6\" style=\"text-align: justify;\">Les massages-bien-\u00eatre sont pratiqu\u00e9s dans le plus grand respect de la pudeur et l\u2019intimit\u00e9 de la personne re\u00e7ue. Toute intimit\u00e9 du client est assur\u00e9 lors du d\u00e9shabillage et habillage. Pendant la prestation, la personne re\u00e7ue sera sans d\u00e9rogation recouverte d\u2019un drap et devra porter un sous-v\u00eatement. Les prestations de massages-bien-\u00eatre sont de nature strictement professionnelle et sans aucun caract\u00e8re sexuel.<\/p>\n<h5 class=\"p6\" style=\"text-align: justify;\"><span class=\"s3\"><br \/>\n<\/span><b>6. GESTES D\u00c9PLAC\u00c9S<\/b><\/h5>\n<p class=\"p6\" style=\"text-align: justify;\">Tous les massages sont pratiqu\u00e9s avec le port de sous-v\u00eatement ou string jetable. The Nomad Masseur se r\u00e9serve le droit de refuser le massage sur toute personne refusant de porter au minimum un string jetable. Tout geste d\u00e9plac\u00e9 entra\u00eenera obligatoirement l\u2019arr\u00eat du dit massage et la facturation de ce dernier.<\/p>\n<h5 class=\"p6\" style=\"text-align: justify;\"><span class=\"s3\"><br \/>\n<\/span><b>7. AGE<\/b><span class=\"s3\"><br \/>\n<\/span><\/h5>\n<p class=\"p4\" style=\"text-align: justify;\">Treatments are available to guests 18 years and older.<\/p>\n\n\t\t<\/div>\n\t<\/div>\n<\/div><\/div><div class=\"vc_separator wpb_content_element vc_separator_align_center vc_sep_width_100 vc_sep_pos_align_center vc_separator_no_text vc_sep_color_white\" ><span class=\"vc_sep_holder vc_sep_holder_l\"><span class=\"vc_sep_line\"><\/span><\/span><span class=\"vc_sep_holder vc_sep_holder_r\"><span class=\"vc_sep_line\"><\/span><\/span>\n<\/div><\/div><\/div><\/div><\/div><div data-vc-full-width=\"true\" data-vc-full-width-init=\"false\" data-vc-stretch-content=\"true\" class=\"vc_row wpb_row vc_row-fluid vc_custom_1677272256774 vc_row-no-padding\"><div class=\"wpb_column vc_column_container vc_col-sm-12\"><div class=\"vc_column-inner\"><div class=\"wpb_wrapper\"><div class=\"wpb_gmaps_widget wpb_content_element\"><div class=\"wpb_wrapper\"><div class=\"wpb_map_wraper\"><iframe src=\"https:\/\/www.google.com\/maps\/embed?pb=!1m18!1m12!1m3!1d2889.4690751653056!2d1.4217435149471243!3d43.596773979123256!2m3!1f0!2f0!3f0!3m2!1i1024!2i768!4f13.1!3m3!1m2!1s0x12aebb0ccdb73adb%3A0x7d69100500bf3bbf!2sThe%20Nomad%20Masseur%20est%20ferm%C3%A9!5e0!3m2!1sfr!2spt!4v1676836589019!5m2!1sfr!2spt\" width=\"600\" height=\"450\" style=\"border:0;\" allowfullscreen=\"\" loading=\"lazy\" referrerpolicy=\"no-referrer-when-downgrade\"><\/iframe><\/div><\/div><\/div><\/div><\/div><\/div><\/div><div class=\"vc_row-full-width vc_clearfix\"><\/div>\n<\/section>","protected":false},"excerpt":{"rendered":"R\u00c9SERVATION LIRE LES CONDITIONS G\u00c9N\u00c9RALES R\u00c9SERVATION ET D\u2019ANNULATION DE RENDEZ-VOUS 1. CONDITIONS DE R\u00c9SERVATION ET D\u2019ANNULATION DE RENDEZ-VOUS 1.1 R\u00c9SERVATION","protected":false},"author":1,"featured_media":0,"parent":31980,"menu_order":0,"comment_status":"closed","ping_status":"closed","template":"","meta":{"_exactmetrics_skip_tracking":false,"_exactmetrics_sitenote_active":false,"_exactmetrics_sitenote_note":"","_exactmetrics_sitenote_category":0,"footnotes":""},"class_list":["post-32016","page","type-page","status-publish","hentry"],"_links":{"self":[{"href":"https:\/\/www.thenomadmasseur.com\/en\/wp-json\/wp\/v2\/pages\/32016","targetHints":{"allow":["GET"]}}],"collection":[{"href":"https:\/\/www.thenomadmasseur.com\/en\/wp-json\/wp\/v2\/pages"}],"about":[{"href":"https:\/\/www.thenomadmasseur.com\/en\/wp-json\/wp\/v2\/types\/page"}],"author":[{"embeddable":true,"href":"https:\/\/www.thenomadmasseur.com\/en\/wp-json\/wp\/v2\/users\/1"}],"replies":[{"embeddable":true,"href":"https:\/\/www.thenomadmasseur.com\/en\/wp-json\/wp\/v2\/comments?post=32016"}],"version-history":[{"count":36,"href":"https:\/\/www.thenomadmasseur.com\/en\/wp-json\/wp\/v2\/pages\/32016\/revisions"}],"predecessor-version":[{"id":33219,"href":"https:\/\/www.thenomadmasseur.com\/en\/wp-json\/wp\/v2\/pages\/32016\/revisions\/33219"}],"up":[{"embeddable":true,"href":"https:\/\/www.thenomadmasseur.com\/en\/wp-json\/wp\/v2\/pages\/31980"}],"wp:attachment":[{"href":"https:\/\/www.thenomadmasseur.com\/en\/wp-json\/wp\/v2\/media?parent=32016"}],"curies":[{"name":"wp","href":"https:\/\/api.w.org\/{rel}","templated":true}]}}